{"id":1980,"date":"2025-05-13T09:13:36","date_gmt":"2025-05-13T14:13:36","guid":{"rendered":"https:\/\/blog.wacheckin.com\/?page_id=1980"},"modified":"2025-06-16T11:23:48","modified_gmt":"2025-06-16T16:23:48","slug":"channel-manager","status":"publish","type":"page","link":"https:\/\/blog.wacheckin.com\/index.php\/channel-manager","title":{"rendered":"Channel Manager"},"content":{"rendered":"\t\t<div data-elementor-type=\"wp-page\" data-elementor-id=\"1980\" class=\"elementor elementor-1980\" data-elementor-post-type=\"page\">\n\t\t\t\t<div class=\"elementor-element elementor-element-b232cf3 e-flex e-con-boxed e-con e-parent\" data-id=\"b232cf3\" data-element_type=\"container\" data-settings=\"{&quot;background_background&quot;:&quot;classic&quot;}\">\n\t\t\t\t\t<div class=\"e-con-inner\">\n\t\t<div class=\"elementor-element elementor-element-d4ff9b1 e-con-full e-flex e-con e-child\" data-id=\"d4ff9b1\" data-element_type=\"container\" data-settings=\"{&quot;background_background&quot;:&quot;classic&quot;}\">\n\t\t\t\t<div class=\"elementor-element elementor-element-8f1d9fd elementor-widget elementor-widget-heading\" data-id=\"8f1d9fd\" data-element_type=\"widget\" data-widget_type=\"heading.default\">\n\t\t\t\t<div class=\"elementor-widget-container\">\n\t\t\t\t\t<h2 class=\"elementor-heading-title elementor-size-default\">Sincroniza tus calendarios y reservas en un solo lugar<\/h2>\t\t\t\t<\/div>\n\t\t\t\t<\/div>\n\t\t\t\t<div class=\"elementor-element elementor-element-dcd4c90 elementor-widget elementor-widget-text-editor\" data-id=\"dcd4c90\" data-element_type=\"widget\" data-widget_type=\"text-editor.default\">\n\t\t\t\t<div class=\"elementor-widget-container\">\n\t\t\t\t\t\t\t\t\t<p class=\"\" data-start=\"99\" data-end=\"440\">Olvidate de las dobles reservas y el l\u00edo de actualizar manualmente cada plataforma. Con nuestro channel manager, conect\u00e1s tus anuncios en Airbnb, Booking, Expedia, Vrbo (y los que se te ocurran) para que todas tus reservas se sincronicen solitas. Todo en orden, todo en un solo lugar.<\/p>\t\t\t\t\t\t\t\t<\/div>\n\t\t\t\t<\/div>\n\t\t\t\t<\/div>\n\t\t<div class=\"elementor-element elementor-element-d71fbd0 e-con-full e-flex e-con e-child\" data-id=\"d71fbd0\" data-element_type=\"container\">\n\t\t<div class=\"elementor-element elementor-element-cc38918 e-con-full e-flex e-con e-child\" data-id=\"cc38918\" data-element_type=\"container\">\n\t\t\t\t<\/div>\n\t\t<div class=\"elementor-element elementor-element-65f498f e-con-full e-flex e-con e-child\" data-id=\"65f498f\" data-element_type=\"container\">\n\t\t\t\t<div class=\"elementor-element elementor-element-8360745 elementor-widget elementor-widget-button\" data-id=\"8360745\" data-element_type=\"widget\" data-widget_type=\"button.default\">\n\t\t\t\t<div class=\"elementor-widget-container\">\n\t\t\t\t\t\t\t\t\t<div class=\"elementor-button-wrapper\">\n\t\t\t\t\t<a class=\"elementor-button elementor-button-link elementor-size-sm\" href=\"#\">\n\t\t\t\t\t\t<span class=\"elementor-button-content-wrapper\">\n\t\t\t\t\t\t\t\t\t<span class=\"elementor-button-text\">Pruebala Gratis <\/span>\n\t\t\t\t\t<\/span>\n\t\t\t\t\t<\/a>\n\t\t\t\t<\/div>\n\t\t\t\t\t\t\t\t<\/div>\n\t\t\t\t<\/div>\n\t\t\t\t<\/div>\n\t\t<div class=\"elementor-element elementor-element-0e72b1d e-con-full e-flex e-con e-child\" data-id=\"0e72b1d\" data-element_type=\"container\">\n\t\t\t\t<\/div>\n\t\t\t\t<\/div>\n\t\t\t\t\t<\/div>\n\t\t\t\t<\/div>\n\t\t<div class=\"elementor-element elementor-element-00aeb24 e-flex e-con-boxed e-con e-parent\" data-id=\"00aeb24\" data-element_type=\"container\">\n\t\t\t\t\t<div class=\"e-con-inner\">\n\t\t\t\t<div class=\"elementor-element elementor-element-38f0c3c elementor-widget elementor-widget-image\" data-id=\"38f0c3c\" data-element_type=\"widget\" data-widget_type=\"image.default\">\n\t\t\t\t<div class=\"elementor-widget-container\">\n\t\t\t\t\t\t\t\t\t\t\t\t\t\t\t<img fetchpriority=\"high\" decoding=\"async\" width=\"800\" height=\"511\" src=\"https:\/\/blog.wacheckin.com\/wp-content\/uploads\/2025\/05\/Channel-manager-WACheckin-1024x654.png\" class=\"attachment-large size-large wp-image-1989\" alt=\"\" srcset=\"https:\/\/blog.wacheckin.com\/wp-content\/uploads\/2025\/05\/Channel-manager-WACheckin-1024x654.png 1024w, https:\/\/blog.wacheckin.com\/wp-content\/uploads\/2025\/05\/Channel-manager-WACheckin-300x192.png 300w, https:\/\/blog.wacheckin.com\/wp-content\/uploads\/2025\/05\/Channel-manager-WACheckin-768x490.png 768w, https:\/\/blog.wacheckin.com\/wp-content\/uploads\/2025\/05\/Channel-manager-WACheckin.png 1471w\" sizes=\"(max-width: 800px) 100vw, 800px\" \/>\t\t\t\t\t\t\t\t\t\t\t\t\t\t\t<\/div>\n\t\t\t\t<\/div>\n\t\t\t\t\t<\/div>\n\t\t\t\t<\/div>\n\t\t<div class=\"elementor-element elementor-element-98d5361 e-flex e-con-boxed e-con e-parent\" data-id=\"98d5361\" data-element_type=\"container\">\n\t\t\t\t\t<div class=\"e-con-inner\">\n\t\t<div class=\"elementor-element elementor-element-a53ad59 e-con-full e-flex e-con e-child\" data-id=\"a53ad59\" data-element_type=\"container\">\n\t\t\t\t<div class=\"elementor-element elementor-element-0332f27 elementor-widget elementor-widget-heading\" data-id=\"0332f27\" data-element_type=\"widget\" data-widget_type=\"heading.default\">\n\t\t\t\t<div class=\"elementor-widget-container\">\n\t\t\t\t\t<h2 class=\"elementor-heading-title elementor-size-default\">Todo conectado desde un solo lugar <br>Online One<\/h2>\t\t\t\t<\/div>\n\t\t\t\t<\/div>\n\t\t\t\t<div class=\"elementor-element elementor-element-2e9aa71 elementor-widget elementor-widget-text-editor\" data-id=\"2e9aa71\" data-element_type=\"widget\" data-widget_type=\"text-editor.default\">\n\t\t\t\t<div class=\"elementor-widget-container\">\n\t\t\t\t\t\t\t\t\t<p>Public\u00e1s tu alojamiento en varias plataformas, \u00bfno? Bueno, con el channel manager no tienes que andar saltando de un sitio a otro para ver si se te cruzaron fechas. Todo lo que pasa en Booking, Airbnb, Vrbo, Expedia o donde sea, se actualiza solo. Un cambio en un lado, se refleja en todos. F\u00e1cil.<\/p>\t\t\t\t\t\t\t\t<\/div>\n\t\t\t\t<\/div>\n\t\t\t\t<\/div>\n\t\t<div class=\"elementor-element elementor-element-8e47a74 e-con-full e-flex e-con e-child\" data-id=\"8e47a74\" data-element_type=\"container\">\n\t\t\t\t<div class=\"elementor-element elementor-element-7287111 elementor-widget elementor-widget-image\" data-id=\"7287111\" data-element_type=\"widget\" data-widget_type=\"image.default\">\n\t\t\t\t<div class=\"elementor-widget-container\">\n\t\t\t\t\t\t\t\t\t\t\t\t\t\t\t<img decoding=\"async\" width=\"800\" height=\"475\" src=\"https:\/\/blog.wacheckin.com\/wp-content\/uploads\/2025\/05\/channel-manager-Booking_airbnb_vrbo_Expedia_2.png\" class=\"attachment-large size-large wp-image-2236\" alt=\"\" srcset=\"https:\/\/blog.wacheckin.com\/wp-content\/uploads\/2025\/05\/channel-manager-Booking_airbnb_vrbo_Expedia_2.png 866w, https:\/\/blog.wacheckin.com\/wp-content\/uploads\/2025\/05\/channel-manager-Booking_airbnb_vrbo_Expedia_2-300x178.png 300w, https:\/\/blog.wacheckin.com\/wp-content\/uploads\/2025\/05\/channel-manager-Booking_airbnb_vrbo_Expedia_2-768x456.png 768w\" sizes=\"(max-width: 800px) 100vw, 800px\" \/>\t\t\t\t\t\t\t\t\t\t\t\t\t\t\t<\/div>\n\t\t\t\t<\/div>\n\t\t\t\t<\/div>\n\t\t\t\t\t<\/div>\n\t\t\t\t<\/div>\n\t\t<div class=\"elementor-element elementor-element-eff3ded e-flex e-con-boxed e-con e-parent\" data-id=\"eff3ded\" data-element_type=\"container\">\n\t\t\t\t\t<div class=\"e-con-inner\">\n\t\t<div class=\"elementor-element elementor-element-6652137 e-con-full e-flex e-con e-child\" data-id=\"6652137\" data-element_type=\"container\">\n\t\t\t\t<div class=\"elementor-element elementor-element-c0086dd elementor-widget elementor-widget-image\" data-id=\"c0086dd\" data-element_type=\"widget\" data-widget_type=\"image.default\">\n\t\t\t\t<div class=\"elementor-widget-container\">\n\t\t\t\t\t\t\t\t\t\t\t\t\t\t\t<img decoding=\"async\" width=\"800\" height=\"495\" src=\"https:\/\/blog.wacheckin.com\/wp-content\/uploads\/2025\/05\/channel-manager--1024x634.png\" class=\"attachment-large size-large wp-image-2240\" alt=\"\" srcset=\"https:\/\/blog.wacheckin.com\/wp-content\/uploads\/2025\/05\/channel-manager--1024x634.png 1024w, https:\/\/blog.wacheckin.com\/wp-content\/uploads\/2025\/05\/channel-manager--300x186.png 300w, https:\/\/blog.wacheckin.com\/wp-content\/uploads\/2025\/05\/channel-manager--768x476.png 768w, https:\/\/blog.wacheckin.com\/wp-content\/uploads\/2025\/05\/channel-manager-.png 1209w\" sizes=\"(max-width: 800px) 100vw, 800px\" \/>\t\t\t\t\t\t\t\t\t\t\t\t\t\t\t<\/div>\n\t\t\t\t<\/div>\n\t\t\t\t<\/div>\n\t\t<div class=\"elementor-element elementor-element-e4f46e5 e-con-full e-flex e-con e-child\" data-id=\"e4f46e5\" data-element_type=\"container\">\n\t\t\t\t<div class=\"elementor-element elementor-element-ade07dc elementor-widget elementor-widget-heading\" data-id=\"ade07dc\" data-element_type=\"widget\" data-widget_type=\"heading.default\">\n\t\t\t\t<div class=\"elementor-widget-container\">\n\t\t\t\t\t<h2 class=\"elementor-heading-title elementor-size-default\">Reservas que se actualizan solas<\/h2>\t\t\t\t<\/div>\n\t\t\t\t<\/div>\n\t\t\t\t<div class=\"elementor-element elementor-element-3754daf elementor-widget elementor-widget-text-editor\" data-id=\"3754daf\" data-element_type=\"widget\" data-widget_type=\"text-editor.default\">\n\t\t\t\t<div class=\"elementor-widget-container\">\n\t\t\t\t\t\t\t\t\t<p>\u00bfTe entr\u00f3 una reserva por Airbnb? \u00a1Pum! Autom\u00e1ticamente esa fecha queda bloqueada en Booking, en tu web, en Vrbo y donde m\u00e1s tengas tu alojamiento publicado. Sin errores, sin dobles reservas, sin dolores de cabeza.<\/p>\t\t\t\t\t\t\t\t<\/div>\n\t\t\t\t<\/div>\n\t\t\t\t<\/div>\n\t\t\t\t\t<\/div>\n\t\t\t\t<\/div>\n\t\t<div class=\"elementor-element elementor-element-20623fe e-flex e-con-boxed e-con e-parent\" data-id=\"20623fe\" data-element_type=\"container\" data-settings=\"{&quot;background_background&quot;:&quot;classic&quot;}\">\n\t\t\t\t\t<div class=\"e-con-inner\">\n\t\t\t\t<div class=\"elementor-element elementor-element-7f85b5d elementor-widget elementor-widget-heading\" data-id=\"7f85b5d\" data-element_type=\"widget\" data-widget_type=\"heading.default\">\n\t\t\t\t<div class=\"elementor-widget-container\">\n\t\t\t\t\t<h2 class=\"elementor-heading-title elementor-size-default\">Integraciones API en tiempo real<\/h2>\t\t\t\t<\/div>\n\t\t\t\t<\/div>\n\t\t\t\t<div class=\"elementor-element elementor-element-7b0e464 elementor-widget elementor-widget-text-editor\" data-id=\"7b0e464\" data-element_type=\"widget\" data-widget_type=\"text-editor.default\">\n\t\t\t\t<div class=\"elementor-widget-container\">\n\t\t\t\t\t\t\t\t\t<p>Gracias a nuestras integraciones API, tus anuncios se actualizan autom\u00e1ticamente en las principales OTAs.<\/p>\t\t\t\t\t\t\t\t<\/div>\n\t\t\t\t<\/div>\n\t\t<div class=\"elementor-element elementor-element-8770450 e-con-full e-flex e-con e-child\" data-id=\"8770450\" data-element_type=\"container\">\n\t\t<div class=\"elementor-element elementor-element-b1ac769 e-con-full elementor-hidden-tablet elementor-hidden-mobile e-flex e-con e-child\" data-id=\"b1ac769\" data-element_type=\"container\">\n\t\t\t\t<\/div>\n\t\t<div class=\"elementor-element elementor-element-7338ae8 e-con-full e-flex e-con e-child\" data-id=\"7338ae8\" data-element_type=\"container\">\n\t\t\t\t<div class=\"elementor-element elementor-element-b69c39d elementor-widget elementor-widget-image\" data-id=\"b69c39d\" data-element_type=\"widget\" data-widget_type=\"image.default\">\n\t\t\t\t<div class=\"elementor-widget-container\">\n\t\t\t\t\t\t\t\t\t\t\t\t\t\t\t<img loading=\"lazy\" decoding=\"async\" width=\"384\" height=\"201\" src=\"https:\/\/blog.wacheckin.com\/wp-content\/uploads\/2025\/05\/booking-connect.png\" class=\"attachment-large size-large wp-image-2016\" alt=\"\" srcset=\"https:\/\/blog.wacheckin.com\/wp-content\/uploads\/2025\/05\/booking-connect.png 384w, https:\/\/blog.wacheckin.com\/wp-content\/uploads\/2025\/05\/booking-connect-300x157.png 300w\" sizes=\"(max-width: 384px) 100vw, 384px\" \/>\t\t\t\t\t\t\t\t\t\t\t\t\t\t\t<\/div>\n\t\t\t\t<\/div>\n\t\t\t\t<\/div>\n\t\t<div class=\"elementor-element elementor-element-c88f9eb e-con-full e-flex e-con e-child\" data-id=\"c88f9eb\" data-element_type=\"container\">\n\t\t\t\t<div class=\"elementor-element elementor-element-5b09ad6 elementor-widget elementor-widget-image\" data-id=\"5b09ad6\" data-element_type=\"widget\" data-widget_type=\"image.default\">\n\t\t\t\t<div class=\"elementor-widget-container\">\n\t\t\t\t\t\t\t\t\t\t\t\t\t\t\t<img loading=\"lazy\" decoding=\"async\" width=\"384\" height=\"201\" src=\"https:\/\/blog.wacheckin.com\/wp-content\/uploads\/2025\/05\/airbnb-connect.png\" class=\"attachment-large size-large wp-image-2013\" alt=\"\" srcset=\"https:\/\/blog.wacheckin.com\/wp-content\/uploads\/2025\/05\/airbnb-connect.png 384w, https:\/\/blog.wacheckin.com\/wp-content\/uploads\/2025\/05\/airbnb-connect-300x157.png 300w\" sizes=\"(max-width: 384px) 100vw, 384px\" \/>\t\t\t\t\t\t\t\t\t\t\t\t\t\t\t<\/div>\n\t\t\t\t<\/div>\n\t\t\t\t<\/div>\n\t\t<div class=\"elementor-element elementor-element-7e69fac e-con-full e-flex e-con e-child\" data-id=\"7e69fac\" data-element_type=\"container\">\n\t\t\t\t<div class=\"elementor-element elementor-element-0a9ab22 elementor-widget elementor-widget-image\" data-id=\"0a9ab22\" data-element_type=\"widget\" data-widget_type=\"image.default\">\n\t\t\t\t<div class=\"elementor-widget-container\">\n\t\t\t\t\t\t\t\t\t\t\t\t\t\t\t<img loading=\"lazy\" decoding=\"async\" width=\"384\" height=\"201\" src=\"https:\/\/blog.wacheckin.com\/wp-content\/uploads\/2025\/05\/vrbo-connect.png\" class=\"attachment-large size-large wp-image-2015\" alt=\"\" srcset=\"https:\/\/blog.wacheckin.com\/wp-content\/uploads\/2025\/05\/vrbo-connect.png 384w, https:\/\/blog.wacheckin.com\/wp-content\/uploads\/2025\/05\/vrbo-connect-300x157.png 300w\" sizes=\"(max-width: 384px) 100vw, 384px\" \/>\t\t\t\t\t\t\t\t\t\t\t\t\t\t\t<\/div>\n\t\t\t\t<\/div>\n\t\t\t\t<\/div>\n\t\t<div class=\"elementor-element elementor-element-99e1c81 e-con-full e-flex e-con e-child\" data-id=\"99e1c81\" data-element_type=\"container\">\n\t\t\t\t<div class=\"elementor-element elementor-element-395e97e elementor-widget elementor-widget-image\" data-id=\"395e97e\" data-element_type=\"widget\" data-widget_type=\"image.default\">\n\t\t\t\t<div class=\"elementor-widget-container\">\n\t\t\t\t\t\t\t\t\t\t\t\t\t\t\t<img loading=\"lazy\" decoding=\"async\" width=\"384\" height=\"201\" src=\"https:\/\/blog.wacheckin.com\/wp-content\/uploads\/2025\/05\/expedia-connect.png\" class=\"attachment-large size-large wp-image-2014\" alt=\"\" srcset=\"https:\/\/blog.wacheckin.com\/wp-content\/uploads\/2025\/05\/expedia-connect.png 384w, https:\/\/blog.wacheckin.com\/wp-content\/uploads\/2025\/05\/expedia-connect-300x157.png 300w\" sizes=\"(max-width: 384px) 100vw, 384px\" \/>\t\t\t\t\t\t\t\t\t\t\t\t\t\t\t<\/div>\n\t\t\t\t<\/div>\n\t\t\t\t<\/div>\n\t\t<div class=\"elementor-element elementor-element-02e44ad e-con-full e-flex e-con e-child\" data-id=\"02e44ad\" data-element_type=\"container\">\n\t\t\t\t<\/div>\n\t\t\t\t<\/div>\n\t\t\t\t\t<\/div>\n\t\t\t\t<\/div>\n\t\t<div class=\"elementor-element elementor-element-416cf55 e-flex e-con-boxed e-con e-parent\" data-id=\"416cf55\" data-element_type=\"container\">\n\t\t\t\t\t<div class=\"e-con-inner\">\n\t\t\t\t<div class=\"elementor-element elementor-element-4e7fdb5 elementor-widget elementor-widget-heading\" data-id=\"4e7fdb5\" data-element_type=\"widget\" data-widget_type=\"heading.default\">\n\t\t\t\t<div class=\"elementor-widget-container\">\n\t\t\t\t\t<h2 class=\"elementor-heading-title elementor-size-default\">Conexiones iCal: para lo que no tiene API (pero igual importa)<\/h2>\t\t\t\t<\/div>\n\t\t\t\t<\/div>\n\t\t\t\t<div class=\"elementor-element elementor-element-106ab17 elementor-widget elementor-widget-text-editor\" data-id=\"106ab17\" data-element_type=\"widget\" data-widget_type=\"text-editor.default\">\n\t\t\t\t<div class=\"elementor-widget-container\">\n\t\t\t\t\t\t\t\t\t<p data-start=\"53\" data-end=\"129\">\u00bfTienes tu alojamiento en plataformas que no ofrecen integraci\u00f3n API? No hay l\u00edo. Tambi\u00e9n puedes conectar tus calendarios con nuestro sistema a trav\u00e9s de <strong data-start=\"383\" data-end=\"391\">iCal<\/strong>, una opci\u00f3n pr\u00e1ctica para mantener todo sincronizado sin tener que actualizar manualmente.<\/p>\t\t\t\t\t\t\t\t<\/div>\n\t\t\t\t<\/div>\n\t\t\t\t\t<\/div>\n\t\t\t\t<\/div>\n\t\t<div class=\"elementor-element elementor-element-b94797c e-flex e-con-boxed e-con e-parent\" data-id=\"b94797c\" data-element_type=\"container\">\n\t\t\t\t\t<div class=\"e-con-inner\">\n\t\t<div class=\"elementor-element elementor-element-a93b7cf e-con-full e-flex e-con e-child\" data-id=\"a93b7cf\" data-element_type=\"container\">\n\t\t\t\t<div class=\"elementor-element elementor-element-0d714b1 elementor-widget elementor-widget-heading\" data-id=\"0d714b1\" data-element_type=\"widget\" data-widget_type=\"heading.default\">\n\t\t\t\t<div class=\"elementor-widget-container\">\n\t\t\t\t\t<h2 class=\"elementor-heading-title elementor-size-default\">Funciona as\u00ed<\/h2>\t\t\t\t<\/div>\n\t\t\t\t<\/div>\n\t\t\t\t<div class=\"elementor-element elementor-element-b90dc44 elementor-widget elementor-widget-text-editor\" data-id=\"b90dc44\" data-element_type=\"widget\" data-widget_type=\"text-editor.default\">\n\t\t\t\t<div class=\"elementor-widget-container\">\n\t\t\t\t\t\t\t\t\t<p data-start=\"53\" data-end=\"129\">Cada vez que recibes una reserva en una de esas plataformas, el calendario se actualiza autom\u00e1ticamente en WaCheckin (y viceversa). As\u00ed evitas dobles reservas y ahorras tiempo, incluso en los canales m\u00e1s peque\u00f1os.<\/p>\t\t\t\t\t\t\t\t<\/div>\n\t\t\t\t<\/div>\n\t\t\t\t<div class=\"elementor-element elementor-element-9303473 elementor-widget elementor-widget-text-editor\" data-id=\"9303473\" data-element_type=\"widget\" data-widget_type=\"text-editor.default\">\n\t\t\t\t<div class=\"elementor-widget-container\">\n\t\t\t\t\t\t\t\t\t<p class=\"\" data-start=\"713\" data-end=\"749\">Ideal para conectar con sitios como, google calendar, tripAdvisor o\u00a0cualquier otra que use iCal<\/p><p class=\"\" data-start=\"820\" data-end=\"868\"><strong>Porque no todo en la vida es Airbnb y Booking \ud83d\ude09<\/strong><\/p>\t\t\t\t\t\t\t\t<\/div>\n\t\t\t\t<\/div>\n\t\t\t\t<\/div>\n\t\t<div class=\"elementor-element elementor-element-aa1d721 e-con-full e-flex e-con e-child\" data-id=\"aa1d721\" data-element_type=\"container\" data-settings=\"{&quot;background_background&quot;:&quot;classic&quot;}\">\n\t\t\t\t<div class=\"elementor-element elementor-element-2ae1e24 elementor-widget elementor-widget-spacer\" data-id=\"2ae1e24\" data-element_type=\"widget\" data-widget_type=\"spacer.default\">\n\t\t\t\t<div class=\"elementor-widget-container\">\n\t\t\t\t\t\t\t<div class=\"elementor-spacer\">\n\t\t\t<div class=\"elementor-spacer-inner\"><\/div>\n\t\t<\/div>\n\t\t\t\t\t\t<\/div>\n\t\t\t\t<\/div>\n\t\t\t\t<\/div>\n\t\t\t\t\t<\/div>\n\t\t\t\t<\/div>\n\t\t\t\t<\/div>\n\t\t","protected":false},"excerpt":{"rendered":"<p>Sincroniza tus calendarios y reservas en un solo lugar Olvidate de las dobles reservas y el l\u00edo de actualizar manualmente cada plataforma. Con nuestro channel manager, conect\u00e1s tus anuncios en Airbnb, Booking, Expedia, Vrbo (y los que se te ocurran) para que todas tus reservas se sincronicen solitas. Todo en orden, todo en un solo [&hellip;]<\/p>\n","protected":false},"author":1,"featured_media":0,"parent":0,"menu_order":0,"comment_status":"closed","ping_status":"closed","template":"","meta":{"footnotes":""},"class_list":["post-1980","page","type-page","status-publish","hentry"],"_links":{"self":[{"href":"https:\/\/blog.wacheckin.com\/index.php\/wp-json\/wp\/v2\/pages\/1980","targetHints":{"allow":["GET"]}}],"collection":[{"href":"https:\/\/blog.wacheckin.com\/index.php\/wp-json\/wp\/v2\/pages"}],"about":[{"href":"https:\/\/blog.wacheckin.com\/index.php\/wp-json\/wp\/v2\/types\/page"}],"author":[{"embeddable":true,"href":"https:\/\/blog.wacheckin.com\/index.php\/wp-json\/wp\/v2\/users\/1"}],"replies":[{"embeddable":true,"href":"https:\/\/blog.wacheckin.com\/index.php\/wp-json\/wp\/v2\/comments?post=1980"}],"version-history":[{"count":157,"href":"https:\/\/blog.wacheckin.com\/index.php\/wp-json\/wp\/v2\/pages\/1980\/revisions"}],"predecessor-version":[{"id":3521,"href":"https:\/\/blog.wacheckin.com\/index.php\/wp-json\/wp\/v2\/pages\/1980\/revisions\/3521"}],"wp:attachment":[{"href":"https:\/\/blog.wacheckin.com\/index.php\/wp-json\/wp\/v2\/media?parent=1980"}],"curies":[{"name":"wp","href":"https:\/\/api.w.org\/{rel}","templated":true}]}}