{"id":2054,"date":"2025-05-13T13:36:27","date_gmt":"2025-05-13T18:36:27","guid":{"rendered":"https:\/\/blog.wacheckin.com\/?page_id=2054"},"modified":"2025-06-16T11:39:50","modified_gmt":"2025-06-16T16:39:50","slug":"integracion-booking-airbnb-expedia-vrbo","status":"publish","type":"page","link":"https:\/\/blog.wacheckin.com\/index.php\/integracion-booking-airbnb-expedia-vrbo","title":{"rendered":"Integraci\u00f3n Booking-Airbnb-Expedia-Vrbo"},"content":{"rendered":"\t\t<div data-elementor-type=\"wp-page\" data-elementor-id=\"2054\" class=\"elementor elementor-2054\" data-elementor-post-type=\"page\">\n\t\t\t\t<div class=\"elementor-element elementor-element-4572bd6 e-flex e-con-boxed e-con e-parent\" data-id=\"4572bd6\" data-element_type=\"container\" data-settings=\"{&quot;background_background&quot;:&quot;classic&quot;}\">\n\t\t\t\t\t<div class=\"e-con-inner\">\n\t\t<div class=\"elementor-element elementor-element-08f2264 e-con-full e-flex e-con e-child\" data-id=\"08f2264\" data-element_type=\"container\" data-settings=\"{&quot;background_background&quot;:&quot;classic&quot;}\">\n\t\t\t\t<div class=\"elementor-element elementor-element-f260837 elementor-widget elementor-widget-heading\" data-id=\"f260837\" data-element_type=\"widget\" data-widget_type=\"heading.default\">\n\t\t\t\t<div class=\"elementor-widget-container\">\n\t\t\t\t\t<h2 class=\"elementor-heading-title elementor-size-default\">Sincroniza tus calendarios con las principales plataformas<\/h2>\t\t\t\t<\/div>\n\t\t\t\t<\/div>\n\t\t\t\t<div class=\"elementor-element elementor-element-ef36782 elementor-widget elementor-widget-text-editor\" data-id=\"ef36782\" data-element_type=\"widget\" data-widget_type=\"text-editor.default\">\n\t\t\t\t<div class=\"elementor-widget-container\">\n\t\t\t\t\t\t\t\t\t<p class=\"\" data-start=\"99\" data-end=\"440\">Con<strong> WACheckin<\/strong>, no necesitas andar saltando de una plataforma a otra para gestionar tus reservas. Nuestra integraci\u00f3n directa con <strong data-start=\"374\" data-end=\"413\">Airbnb, Booking.com, Vrbo y Expedia<\/strong> te permite tenerlo todo centralizado.<\/p>\t\t\t\t\t\t\t\t<\/div>\n\t\t\t\t<\/div>\n\t\t\t\t<\/div>\n\t\t<div class=\"elementor-element elementor-element-81aa953 e-con-full e-flex e-con e-child\" data-id=\"81aa953\" data-element_type=\"container\">\n\t\t<div class=\"elementor-element elementor-element-dad6576 e-con-full e-flex e-con e-child\" data-id=\"dad6576\" data-element_type=\"container\">\n\t\t\t\t<\/div>\n\t\t<div class=\"elementor-element elementor-element-0024feb e-con-full e-flex e-con e-child\" data-id=\"0024feb\" data-element_type=\"container\">\n\t\t\t\t<div class=\"elementor-element elementor-element-b66a2ed elementor-widget elementor-widget-button\" data-id=\"b66a2ed\" data-element_type=\"widget\" data-widget_type=\"button.default\">\n\t\t\t\t<div class=\"elementor-widget-container\">\n\t\t\t\t\t\t\t\t\t<div class=\"elementor-button-wrapper\">\n\t\t\t\t\t<a class=\"elementor-button elementor-button-link elementor-size-sm\" href=\"#\">\n\t\t\t\t\t\t<span class=\"elementor-button-content-wrapper\">\n\t\t\t\t\t\t\t\t\t<span class=\"elementor-button-text\">Pruebala Gratis <\/span>\n\t\t\t\t\t<\/span>\n\t\t\t\t\t<\/a>\n\t\t\t\t<\/div>\n\t\t\t\t\t\t\t\t<\/div>\n\t\t\t\t<\/div>\n\t\t\t\t<\/div>\n\t\t<div class=\"elementor-element elementor-element-ca1b2cf e-con-full e-flex e-con e-child\" data-id=\"ca1b2cf\" data-element_type=\"container\">\n\t\t\t\t<\/div>\n\t\t\t\t<\/div>\n\t\t\t\t\t<\/div>\n\t\t\t\t<\/div>\n\t\t<div class=\"elementor-element elementor-element-82376a2 e-flex e-con-boxed e-con e-parent\" data-id=\"82376a2\" data-element_type=\"container\">\n\t\t\t\t\t<div class=\"e-con-inner\">\n\t\t\t\t<div class=\"elementor-element elementor-element-edfa1b0 elementor-widget elementor-widget-image\" data-id=\"edfa1b0\" data-element_type=\"widget\" data-widget_type=\"image.default\">\n\t\t\t\t<div class=\"elementor-widget-container\">\n\t\t\t\t\t\t\t\t\t\t\t\t\t\t\t<img fetchpriority=\"high\" decoding=\"async\" width=\"800\" height=\"539\" src=\"https:\/\/blog.wacheckin.com\/wp-content\/uploads\/2025\/05\/Chanel-mannager-Wacheckin--1024x690.png\" class=\"attachment-large size-large wp-image-2066\" alt=\"\" srcset=\"https:\/\/blog.wacheckin.com\/wp-content\/uploads\/2025\/05\/Chanel-mannager-Wacheckin--1024x690.png 1024w, https:\/\/blog.wacheckin.com\/wp-content\/uploads\/2025\/05\/Chanel-mannager-Wacheckin--300x202.png 300w, https:\/\/blog.wacheckin.com\/wp-content\/uploads\/2025\/05\/Chanel-mannager-Wacheckin--768x517.png 768w, https:\/\/blog.wacheckin.com\/wp-content\/uploads\/2025\/05\/Chanel-mannager-Wacheckin--1536x1035.png 1536w, https:\/\/blog.wacheckin.com\/wp-content\/uploads\/2025\/05\/Chanel-mannager-Wacheckin-.png 1772w\" sizes=\"(max-width: 800px) 100vw, 800px\" \/>\t\t\t\t\t\t\t\t\t\t\t\t\t\t\t<\/div>\n\t\t\t\t<\/div>\n\t\t\t\t\t<\/div>\n\t\t\t\t<\/div>\n\t\t<div class=\"elementor-element elementor-element-d364f7d e-flex e-con-boxed e-con e-parent\" data-id=\"d364f7d\" data-element_type=\"container\">\n\t\t\t\t\t<div class=\"e-con-inner\">\n\t\t<div class=\"elementor-element elementor-element-0d0d4c1 e-con-full e-flex e-con e-child\" data-id=\"0d0d4c1\" data-element_type=\"container\">\n\t\t\t\t<div class=\"elementor-element elementor-element-57b1c59 elementor-widget elementor-widget-heading\" data-id=\"57b1c59\" data-element_type=\"widget\" data-widget_type=\"heading.default\">\n\t\t\t\t<div class=\"elementor-widget-container\">\n\t\t\t\t\t<h2 class=\"elementor-heading-title elementor-size-default\">Sincroniza tus calendarios con las principales plataformas de reserva<\/h2>\t\t\t\t<\/div>\n\t\t\t\t<\/div>\n\t\t\t\t<div class=\"elementor-element elementor-element-c874dcb elementor-widget elementor-widget-heading\" data-id=\"c874dcb\" data-element_type=\"widget\" data-widget_type=\"heading.default\">\n\t\t\t\t<div class=\"elementor-widget-container\">\n\t\t\t\t\t<h2 class=\"elementor-heading-title elementor-size-default\">Gestiona todo desde un solo lugar y olv\u00eddate del overbooking<\/h2>\t\t\t\t<\/div>\n\t\t\t\t<\/div>\n\t\t\t\t<div class=\"elementor-element elementor-element-3e34644 elementor-widget elementor-widget-text-editor\" data-id=\"3e34644\" data-element_type=\"widget\" data-widget_type=\"text-editor.default\">\n\t\t\t\t<div class=\"elementor-widget-container\">\n\t\t\t\t\t\t\t\t\t<p>\u00bfTienes tu alojamiento publicado en varias plataformas? Con nuestro <strong data-start=\"441\" data-end=\"460\">channel manager<\/strong> puedes mantener tus calendarios y reservas siempre actualizados, sin necesidad de entrar a cada portal por separado. Conectamos directamente con Airbnb, Booking.com, Expedia, Vrbo&#8230; y tambi\u00e9n con tu propia web.<\/p>\t\t\t\t\t\t\t\t<\/div>\n\t\t\t\t<\/div>\n\t\t\t\t<\/div>\n\t\t<div class=\"elementor-element elementor-element-e1b95b1 e-con-full e-flex e-con e-child\" data-id=\"e1b95b1\" data-element_type=\"container\">\n\t\t\t\t<div class=\"elementor-element elementor-element-d50fdd0 elementor-widget elementor-widget-image\" data-id=\"d50fdd0\" data-element_type=\"widget\" data-widget_type=\"image.default\">\n\t\t\t\t<div class=\"elementor-widget-container\">\n\t\t\t\t\t\t\t\t\t\t\t\t\t\t\t<img decoding=\"async\" width=\"800\" height=\"360\" src=\"https:\/\/blog.wacheckin.com\/wp-content\/uploads\/2025\/05\/calendario-pms-channel-manager-wacheckin-e1748486389483-1024x461.png\" class=\"attachment-large size-large wp-image-2293\" alt=\"\" srcset=\"https:\/\/blog.wacheckin.com\/wp-content\/uploads\/2025\/05\/calendario-pms-channel-manager-wacheckin-e1748486389483-1024x461.png 1024w, https:\/\/blog.wacheckin.com\/wp-content\/uploads\/2025\/05\/calendario-pms-channel-manager-wacheckin-e1748486389483-300x135.png 300w, https:\/\/blog.wacheckin.com\/wp-content\/uploads\/2025\/05\/calendario-pms-channel-manager-wacheckin-e1748486389483-768x346.png 768w, https:\/\/blog.wacheckin.com\/wp-content\/uploads\/2025\/05\/calendario-pms-channel-manager-wacheckin-e1748486389483.png 1173w\" sizes=\"(max-width: 800px) 100vw, 800px\" \/>\t\t\t\t\t\t\t\t\t\t\t\t\t\t\t<\/div>\n\t\t\t\t<\/div>\n\t\t\t\t<\/div>\n\t\t\t\t\t<\/div>\n\t\t\t\t<\/div>\n\t\t<div class=\"elementor-element elementor-element-aa12d95 e-flex e-con-boxed e-con e-parent\" data-id=\"aa12d95\" data-element_type=\"container\">\n\t\t\t\t\t<div class=\"e-con-inner\">\n\t\t<div class=\"elementor-element elementor-element-b6279c2 e-con-full e-flex e-con e-child\" data-id=\"b6279c2\" data-element_type=\"container\">\n\t\t\t\t<div class=\"elementor-element elementor-element-298bb06 elementor-widget elementor-widget-image\" data-id=\"298bb06\" data-element_type=\"widget\" data-widget_type=\"image.default\">\n\t\t\t\t<div class=\"elementor-widget-container\">\n\t\t\t\t\t\t\t\t\t\t\t\t\t\t\t<img decoding=\"async\" width=\"800\" height=\"460\" src=\"https:\/\/blog.wacheckin.com\/wp-content\/uploads\/2025\/05\/A-comprehensive-overview-e1747157060469-1024x589.png\" class=\"attachment-large size-large wp-image-2004\" alt=\"\" srcset=\"https:\/\/blog.wacheckin.com\/wp-content\/uploads\/2025\/05\/A-comprehensive-overview-e1747157060469-1024x589.png 1024w, https:\/\/blog.wacheckin.com\/wp-content\/uploads\/2025\/05\/A-comprehensive-overview-e1747157060469-300x172.png 300w, https:\/\/blog.wacheckin.com\/wp-content\/uploads\/2025\/05\/A-comprehensive-overview-e1747157060469-768x442.png 768w, https:\/\/blog.wacheckin.com\/wp-content\/uploads\/2025\/05\/A-comprehensive-overview-e1747157060469-1536x883.png 1536w, https:\/\/blog.wacheckin.com\/wp-content\/uploads\/2025\/05\/A-comprehensive-overview-e1747157060469-2048x1177.png 2048w\" sizes=\"(max-width: 800px) 100vw, 800px\" \/>\t\t\t\t\t\t\t\t\t\t\t\t\t\t\t<\/div>\n\t\t\t\t<\/div>\n\t\t\t\t<\/div>\n\t\t<div class=\"elementor-element elementor-element-e68582f e-con-full e-flex e-con e-child\" data-id=\"e68582f\" data-element_type=\"container\">\n\t\t\t\t<div class=\"elementor-element elementor-element-a616b6d elementor-widget elementor-widget-heading\" data-id=\"a616b6d\" data-element_type=\"widget\" data-widget_type=\"heading.default\">\n\t\t\t\t<div class=\"elementor-widget-container\">\n\t\t\t\t\t<h2 class=\"elementor-heading-title elementor-size-default\"> Todo actualizado sin mover un dedo<\/h2>\t\t\t\t<\/div>\n\t\t\t\t<\/div>\n\t\t\t\t<div class=\"elementor-element elementor-element-4da0901 elementor-widget elementor-widget-text-editor\" data-id=\"4da0901\" data-element_type=\"widget\" data-widget_type=\"text-editor.default\">\n\t\t\t\t<div class=\"elementor-widget-container\">\n\t\t\t\t\t\t\t\t\t<p>Cuando alguien hace una reserva en cualquiera de tus canales conectados, el sistema actualiza autom\u00e1ticamente la disponibilidad en todos los dem\u00e1s. Eso significa cero riesgo de reservas dobles, menos tareas manuales y m\u00e1s tranquilidad.<\/p>\t\t\t\t\t\t\t\t<\/div>\n\t\t\t\t<\/div>\n\t\t\t\t<\/div>\n\t\t\t\t\t<\/div>\n\t\t\t\t<\/div>\n\t\t<div class=\"elementor-element elementor-element-e7c2c8a e-flex e-con-boxed e-con e-parent\" data-id=\"e7c2c8a\" data-element_type=\"container\">\n\t\t\t\t\t<div class=\"e-con-inner\">\n\t\t<div class=\"elementor-element elementor-element-7d93c2a e-con-full e-flex e-con e-child\" data-id=\"7d93c2a\" data-element_type=\"container\">\n\t\t\t\t<div class=\"elementor-element elementor-element-38f04d4 elementor-widget elementor-widget-heading\" data-id=\"38f04d4\" data-element_type=\"widget\" data-widget_type=\"heading.default\">\n\t\t\t\t<div class=\"elementor-widget-container\">\n\t\t\t\t\t<h2 class=\"elementor-heading-title elementor-size-default\">Integraci\u00f3n directa con Airbnb, Booking, Expedia y Vrbo<\/h2>\t\t\t\t<\/div>\n\t\t\t\t<\/div>\n\t\t\t\t<div class=\"elementor-element elementor-element-a1206b2 elementor-widget elementor-widget-text-editor\" data-id=\"a1206b2\" data-element_type=\"widget\" data-widget_type=\"text-editor.default\">\n\t\t\t\t<div class=\"elementor-widget-container\">\n\t\t\t\t\t\t\t\t\t<p>Nuestra herramienta est\u00e1 conectada mediante API con las plataformas l\u00edderes del sector. As\u00ed garantizamos una sincronizaci\u00f3n fiable y en tiempo real. Solo tienes que conectar tus cuentas una vez y listo: precios, reservas y calendarios empiezan a fluir de forma autom\u00e1tica.<\/p>\t\t\t\t\t\t\t\t<\/div>\n\t\t\t\t<\/div>\n\t\t\t\t<\/div>\n\t\t<div class=\"elementor-element elementor-element-2de6a10 e-con-full e-flex e-con e-child\" data-id=\"2de6a10\" data-element_type=\"container\">\n\t\t\t\t<div class=\"elementor-element elementor-element-72fed7c elementor-widget elementor-widget-image\" data-id=\"72fed7c\" data-element_type=\"widget\" data-widget_type=\"image.default\">\n\t\t\t\t<div class=\"elementor-widget-container\">\n\t\t\t\t\t\t\t\t\t\t\t\t\t\t\t<img loading=\"lazy\" decoding=\"async\" width=\"800\" height=\"542\" src=\"https:\/\/blog.wacheckin.com\/wp-content\/uploads\/2025\/05\/airbnb_booking_vrbo.png\" class=\"attachment-large size-large wp-image-2297\" alt=\"\" srcset=\"https:\/\/blog.wacheckin.com\/wp-content\/uploads\/2025\/05\/airbnb_booking_vrbo.png 881w, https:\/\/blog.wacheckin.com\/wp-content\/uploads\/2025\/05\/airbnb_booking_vrbo-300x203.png 300w, https:\/\/blog.wacheckin.com\/wp-content\/uploads\/2025\/05\/airbnb_booking_vrbo-768x520.png 768w\" sizes=\"(max-width: 800px) 100vw, 800px\" \/>\t\t\t\t\t\t\t\t\t\t\t\t\t\t\t<\/div>\n\t\t\t\t<\/div>\n\t\t\t\t<\/div>\n\t\t\t\t\t<\/div>\n\t\t\t\t<\/div>\n\t\t<div class=\"elementor-element elementor-element-708a262 e-flex e-con-boxed e-con e-parent\" data-id=\"708a262\" data-element_type=\"container\">\n\t\t\t\t\t<div class=\"e-con-inner\">\n\t\t<div class=\"elementor-element elementor-element-d9beeb0 e-con-full e-flex e-con e-child\" data-id=\"d9beeb0\" data-element_type=\"container\" data-settings=\"{&quot;background_background&quot;:&quot;classic&quot;}\">\n\t\t\t\t<div class=\"elementor-element elementor-element-6bca3f8 elementor-position-left elementor-vertical-align-middle elementor-widget elementor-widget-image-box\" data-id=\"6bca3f8\" data-element_type=\"widget\" data-widget_type=\"image-box.default\">\n\t\t\t\t<div class=\"elementor-widget-container\">\n\t\t\t\t\t<div class=\"elementor-image-box-wrapper\"><figure class=\"elementor-image-box-img\"><img loading=\"lazy\" decoding=\"async\" width=\"512\" height=\"512\" src=\"https:\/\/blog.wacheckin.com\/wp-content\/uploads\/2025\/05\/management.png\" class=\"attachment-full size-full wp-image-2159\" alt=\"\" srcset=\"https:\/\/blog.wacheckin.com\/wp-content\/uploads\/2025\/05\/management.png 512w, https:\/\/blog.wacheckin.com\/wp-content\/uploads\/2025\/05\/management-300x300.png 300w, https:\/\/blog.wacheckin.com\/wp-content\/uploads\/2025\/05\/management-150x150.png 150w\" sizes=\"(max-width: 512px) 100vw, 512px\" \/><\/figure><div class=\"elementor-image-box-content\"><h3 class=\"elementor-image-box-title\">Menos gesti\u00f3n, m\u00e1s tiempo para ti<\/h3><p class=\"elementor-image-box-description\">Olv\u00eddate del calendario y las actualizaciones manuales: todo se sincroniza solo.<\/p><\/div><\/div>\t\t\t\t<\/div>\n\t\t\t\t<\/div>\n\t\t\t\t<div class=\"elementor-element elementor-element-a5608a2 elementor-widget elementor-widget-text-editor\" data-id=\"a5608a2\" data-element_type=\"widget\" data-widget_type=\"text-editor.default\">\n\t\t\t\t<div class=\"elementor-widget-container\">\n\t\t\t\t\t\t\t\t\t<p data-start=\"1335\" data-end=\"1529\">Seg\u00fan nuestros usuarios, hasta 20 horas de gesti\u00f3n semanal. Y no es solo ahorro de tiempo: tambi\u00e9n es una forma de minimizar errores humanos y mantener una atenci\u00f3n m\u00e1s fluida con tus hu\u00e9spedes.<\/p>\t\t\t\t\t\t\t\t<\/div>\n\t\t\t\t<\/div>\n\t\t\t\t<div class=\"elementor-element elementor-element-9cfb3fc elementor-hidden-tablet elementor-hidden-mobile elementor-widget elementor-widget-spacer\" data-id=\"9cfb3fc\" data-element_type=\"widget\" data-widget_type=\"spacer.default\">\n\t\t\t\t<div class=\"elementor-widget-container\">\n\t\t\t\t\t\t\t<div class=\"elementor-spacer\">\n\t\t\t<div class=\"elementor-spacer-inner\"><\/div>\n\t\t<\/div>\n\t\t\t\t\t\t<\/div>\n\t\t\t\t<\/div>\n\t\t\t\t<div class=\"elementor-element elementor-element-3a99d7e elementor-widget elementor-widget-image\" data-id=\"3a99d7e\" data-element_type=\"widget\" data-widget_type=\"image.default\">\n\t\t\t\t<div class=\"elementor-widget-container\">\n\t\t\t\t\t\t\t\t\t\t\t\t\t\t\t<img loading=\"lazy\" decoding=\"async\" width=\"800\" height=\"569\" src=\"https:\/\/blog.wacheckin.com\/wp-content\/uploads\/2025\/05\/checkin-optimizacion-WACheckin.png\" class=\"attachment-large size-large wp-image-2307\" alt=\"\" srcset=\"https:\/\/blog.wacheckin.com\/wp-content\/uploads\/2025\/05\/checkin-optimizacion-WACheckin.png 989w, https:\/\/blog.wacheckin.com\/wp-content\/uploads\/2025\/05\/checkin-optimizacion-WACheckin-300x214.png 300w, https:\/\/blog.wacheckin.com\/wp-content\/uploads\/2025\/05\/checkin-optimizacion-WACheckin-768x547.png 768w\" sizes=\"(max-width: 800px) 100vw, 800px\" \/>\t\t\t\t\t\t\t\t\t\t\t\t\t\t\t<\/div>\n\t\t\t\t<\/div>\n\t\t\t\t<\/div>\n\t\t<div class=\"elementor-element elementor-element-2c54a76 e-con-full e-flex e-con e-child\" data-id=\"2c54a76\" data-element_type=\"container\" data-settings=\"{&quot;background_background&quot;:&quot;classic&quot;}\">\n\t\t\t\t<div class=\"elementor-element elementor-element-f51927c elementor-position-left elementor-vertical-align-middle elementor-widget elementor-widget-image-box\" data-id=\"f51927c\" data-element_type=\"widget\" data-widget_type=\"image-box.default\">\n\t\t\t\t<div class=\"elementor-widget-container\">\n\t\t\t\t\t<div class=\"elementor-image-box-wrapper\"><figure class=\"elementor-image-box-img\"><img loading=\"lazy\" decoding=\"async\" width=\"512\" height=\"512\" src=\"https:\/\/blog.wacheckin.com\/wp-content\/uploads\/2025\/05\/politic.png\" class=\"attachment-full size-full wp-image-2160\" alt=\"\" srcset=\"https:\/\/blog.wacheckin.com\/wp-content\/uploads\/2025\/05\/politic.png 512w, https:\/\/blog.wacheckin.com\/wp-content\/uploads\/2025\/05\/politic-300x300.png 300w, https:\/\/blog.wacheckin.com\/wp-content\/uploads\/2025\/05\/politic-150x150.png 150w\" sizes=\"(max-width: 512px) 100vw, 512px\" \/><\/figure><div class=\"elementor-image-box-content\"><h3 class=\"elementor-image-box-title\">Tambi\u00e9n compatible con otros canales<\/h3><p class=\"elementor-image-box-description\">No importa d\u00f3nde publiques tu alojamiento, lo conectamos todo.<\/p><\/div><\/div>\t\t\t\t<\/div>\n\t\t\t\t<\/div>\n\t\t\t\t<div class=\"elementor-element elementor-element-6be5ef6 elementor-widget elementor-widget-text-editor\" data-id=\"6be5ef6\" data-element_type=\"widget\" data-widget_type=\"text-editor.default\">\n\t\t\t\t<div class=\"elementor-widget-container\">\n\t\t\t\t\t\t\t\t\t<article class=\"text-token-text-primary w-full\" dir=\"auto\" data-testid=\"conversation-turn-6\" data-scroll-anchor=\"true\"><div class=\"text-base my-auto mx-auto py-5 [--thread-content-margin:--spacing(4)] @[37rem]:[--thread-content-margin:--spacing(6)] @[72rem]:[--thread-content-margin:--spacing(16)] px-(--thread-content-margin)\"><div class=\"[--thread-content-max-width:32rem] @[34rem]:[--thread-content-max-width:40rem] @[64rem]:[--thread-content-max-width:48rem] mx-auto flex max-w-(--thread-content-max-width) flex-1 text-base gap-4 md:gap-5 lg:gap-6 group\/turn-messages focus-visible:outline-hidden\" tabindex=\"-1\"><div class=\"group\/conversation-turn relative flex w-full min-w-0 flex-col agent-turn\"><div class=\"relative flex-col gap-1 md:gap-3\"><div class=\"flex max-w-full flex-col grow\"><div class=\"min-h-8 text-message relative flex w-full flex-col items-end gap-2 text-start break-words whitespace-normal [.text-message+&amp;]:mt-5\" dir=\"auto\" data-message-author-role=\"assistant\" data-message-id=\"b34ca4f8-c0cb-4292-ab94-faf4d8f43c85\" data-message-model-slug=\"gpt-4o-mini\"><div class=\"flex w-full flex-col gap-1 empty:hidden first:pt-[3px]\"><div class=\"markdown prose dark:prose-invert w-full break-words light\"><p class=\"\" data-start=\"0\" data-end=\"229\">\u00bfTienes tu alojamiento en plataformas menos conocidas o regionales? Tambi\u00e9n ofrecemos integraci\u00f3n iCal para que puedas mantener esos calendarios sincronizados con tu sistema.<\/p><\/div><\/div><\/div><\/div><\/div><\/div><\/div><\/div><\/article>\t\t\t\t\t\t\t\t<\/div>\n\t\t\t\t<\/div>\n\t\t\t\t<div class=\"elementor-element elementor-element-fe5b14c elementor-widget elementor-widget-image\" data-id=\"fe5b14c\" data-element_type=\"widget\" data-widget_type=\"image.default\">\n\t\t\t\t<div class=\"elementor-widget-container\">\n\t\t\t\t\t\t\t\t\t\t\t\t\t\t\t<img loading=\"lazy\" decoding=\"async\" width=\"700\" height=\"600\" src=\"https:\/\/blog.wacheckin.com\/wp-content\/uploads\/2025\/05\/Calendario-ical-Wacheckin.png\" class=\"attachment-large size-large wp-image-2303\" alt=\"\" srcset=\"https:\/\/blog.wacheckin.com\/wp-content\/uploads\/2025\/05\/Calendario-ical-Wacheckin.png 700w, https:\/\/blog.wacheckin.com\/wp-content\/uploads\/2025\/05\/Calendario-ical-Wacheckin-300x257.png 300w\" sizes=\"(max-width: 700px) 100vw, 700px\" \/>\t\t\t\t\t\t\t\t\t\t\t\t\t\t\t<\/div>\n\t\t\t\t<\/div>\n\t\t\t\t<\/div>\n\t\t\t\t\t<\/div>\n\t\t\t\t<\/div>\n\t\t\t\t<\/div>\n\t\t","protected":false},"excerpt":{"rendered":"<p>Sincroniza tus calendarios con las principales plataformas Con WACheckin, no necesitas andar saltando de una plataforma a otra para gestionar tus reservas. Nuestra integraci\u00f3n directa con Airbnb, Booking.com, Vrbo y Expedia te permite tenerlo todo centralizado. Pruebala Gratis Sincroniza tus calendarios con las principales plataformas de reserva Gestiona todo desde un solo lugar y olv\u00eddate [&hellip;]<\/p>\n","protected":false},"author":1,"featured_media":0,"parent":0,"menu_order":0,"comment_status":"closed","ping_status":"closed","template":"","meta":{"footnotes":""},"class_list":["post-2054","page","type-page","status-publish","hentry"],"_links":{"self":[{"href":"https:\/\/blog.wacheckin.com\/index.php\/wp-json\/wp\/v2\/pages\/2054","targetHints":{"allow":["GET"]}}],"collection":[{"href":"https:\/\/blog.wacheckin.com\/index.php\/wp-json\/wp\/v2\/pages"}],"about":[{"href":"https:\/\/blog.wacheckin.com\/index.php\/wp-json\/wp\/v2\/types\/page"}],"author":[{"embeddable":true,"href":"https:\/\/blog.wacheckin.com\/index.php\/wp-json\/wp\/v2\/users\/1"}],"replies":[{"embeddable":true,"href":"https:\/\/blog.wacheckin.com\/index.php\/wp-json\/wp\/v2\/comments?post=2054"}],"version-history":[{"count":73,"href":"https:\/\/blog.wacheckin.com\/index.php\/wp-json\/wp\/v2\/pages\/2054\/revisions"}],"predecessor-version":[{"id":3548,"href":"https:\/\/blog.wacheckin.com\/index.php\/wp-json\/wp\/v2\/pages\/2054\/revisions\/3548"}],"wp:attachment":[{"href":"https:\/\/blog.wacheckin.com\/index.php\/wp-json\/wp\/v2\/media?parent=2054"}],"curies":[{"name":"wp","href":"https:\/\/api.w.org\/{rel}","templated":true}]}}