{"id":2320,"date":"2025-05-29T13:59:04","date_gmt":"2025-05-29T18:59:04","guid":{"rendered":"https:\/\/blog.wacheckin.com\/?page_id=2320"},"modified":"2025-06-16T14:08:00","modified_gmt":"2025-06-16T19:08:00","slug":"chatbot-ia","status":"publish","type":"page","link":"https:\/\/blog.wacheckin.com\/index.php\/chatbot-ia","title":{"rendered":"ChatBot IA"},"content":{"rendered":"\t\t<div data-elementor-type=\"wp-page\" data-elementor-id=\"2320\" class=\"elementor elementor-2320\" data-elementor-post-type=\"page\">\n\t\t\t\t<div class=\"elementor-element elementor-element-ac8a220 e-flex e-con-boxed e-con e-parent\" data-id=\"ac8a220\" data-element_type=\"container\" data-settings=\"{&quot;background_background&quot;:&quot;classic&quot;}\">\n\t\t\t\t\t<div class=\"e-con-inner\">\n\t\t<div class=\"elementor-element elementor-element-47b12a1 e-con-full e-flex e-con e-child\" data-id=\"47b12a1\" data-element_type=\"container\" data-settings=\"{&quot;background_background&quot;:&quot;classic&quot;}\">\n\t\t\t\t<div class=\"elementor-element elementor-element-f21a6a3 elementor-widget elementor-widget-heading\" data-id=\"f21a6a3\" data-element_type=\"widget\" data-widget_type=\"heading.default\">\n\t\t\t\t<div class=\"elementor-widget-container\">\n\t\t\t\t\t<h2 class=\"elementor-heading-title elementor-size-default\">ChatBot IA entrenado <\/h2>\t\t\t\t<\/div>\n\t\t\t\t<\/div>\n\t\t\t\t<div class=\"elementor-element elementor-element-1065554 elementor-widget elementor-widget-heading\" data-id=\"1065554\" data-element_type=\"widget\" data-widget_type=\"heading.default\">\n\t\t\t\t<div class=\"elementor-widget-container\">\n\t\t\t\t\t<h2 class=\"elementor-heading-title elementor-size-default\">Automatizaci\u00f3n inteligente, sin perder lo humano<\/h2>\t\t\t\t<\/div>\n\t\t\t\t<\/div>\n\t\t\t\t<div class=\"elementor-element elementor-element-cb7bac5 elementor-widget elementor-widget-text-editor\" data-id=\"cb7bac5\" data-element_type=\"widget\" data-widget_type=\"text-editor.default\">\n\t\t\t\t<div class=\"elementor-widget-container\">\n\t\t\t\t\t\t\t\t\t<p>Tu hu\u00e9sped no deber\u00eda esperar para obtener respuestas. Nuestro asistente virtual, potenciado con inteligencia artificial, est\u00e1 siempre listo para resolver dudas al instante: desde el WiFi hasta c\u00f3mo llegar al alojamiento.<\/p>\t\t\t\t\t\t\t\t<\/div>\n\t\t\t\t<\/div>\n\t\t\t\t<\/div>\n\t\t<div class=\"elementor-element elementor-element-026065b e-con-full e-flex e-con e-child\" data-id=\"026065b\" data-element_type=\"container\">\n\t\t<div class=\"elementor-element elementor-element-10f2a9b e-con-full e-flex e-con e-child\" data-id=\"10f2a9b\" data-element_type=\"container\">\n\t\t\t\t<\/div>\n\t\t<div class=\"elementor-element elementor-element-45e1b6a e-con-full e-flex e-con e-child\" data-id=\"45e1b6a\" data-element_type=\"container\">\n\t\t\t\t<div class=\"elementor-element elementor-element-d9a1951 elementor-widget elementor-widget-button\" data-id=\"d9a1951\" data-element_type=\"widget\" data-widget_type=\"button.default\">\n\t\t\t\t<div class=\"elementor-widget-container\">\n\t\t\t\t\t\t\t\t\t<div class=\"elementor-button-wrapper\">\n\t\t\t\t\t<a class=\"elementor-button elementor-button-link elementor-size-sm\" href=\"#\">\n\t\t\t\t\t\t<span class=\"elementor-button-content-wrapper\">\n\t\t\t\t\t\t\t\t\t<span class=\"elementor-button-text\">Pruebala Gratis <\/span>\n\t\t\t\t\t<\/span>\n\t\t\t\t\t<\/a>\n\t\t\t\t<\/div>\n\t\t\t\t\t\t\t\t<\/div>\n\t\t\t\t<\/div>\n\t\t\t\t<\/div>\n\t\t<div class=\"elementor-element elementor-element-9988e40 e-con-full e-flex e-con e-child\" data-id=\"9988e40\" data-element_type=\"container\">\n\t\t\t\t<\/div>\n\t\t\t\t<\/div>\n\t\t\t\t\t<\/div>\n\t\t\t\t<\/div>\n\t\t<div class=\"elementor-element elementor-element-3519614 e-flex e-con-boxed e-con e-parent\" data-id=\"3519614\" data-element_type=\"container\">\n\t\t\t\t\t<div class=\"e-con-inner\">\n\t\t\t\t<div class=\"elementor-element elementor-element-99d4447 elementor-widget elementor-widget-image\" data-id=\"99d4447\" data-element_type=\"widget\" data-widget_type=\"image.default\">\n\t\t\t\t<div class=\"elementor-widget-container\">\n\t\t\t\t\t\t\t\t\t\t\t\t\t\t\t<img fetchpriority=\"high\" decoding=\"async\" width=\"800\" height=\"569\" src=\"https:\/\/blog.wacheckin.com\/wp-content\/uploads\/2025\/05\/chatbot-ia-para-alojamientos-wacheckin.png\" class=\"attachment-large size-large wp-image-2330\" alt=\"\" srcset=\"https:\/\/blog.wacheckin.com\/wp-content\/uploads\/2025\/05\/chatbot-ia-para-alojamientos-wacheckin.png 989w, https:\/\/blog.wacheckin.com\/wp-content\/uploads\/2025\/05\/chatbot-ia-para-alojamientos-wacheckin-300x214.png 300w, https:\/\/blog.wacheckin.com\/wp-content\/uploads\/2025\/05\/chatbot-ia-para-alojamientos-wacheckin-768x547.png 768w\" sizes=\"(max-width: 800px) 100vw, 800px\" \/>\t\t\t\t\t\t\t\t\t\t\t\t\t\t\t<\/div>\n\t\t\t\t<\/div>\n\t\t\t\t\t<\/div>\n\t\t\t\t<\/div>\n\t\t<div class=\"elementor-element elementor-element-c848c24 e-flex e-con-boxed e-con e-parent\" data-id=\"c848c24\" data-element_type=\"container\">\n\t\t\t\t\t<div class=\"e-con-inner\">\n\t\t<div class=\"elementor-element elementor-element-60baea7 e-con-full e-flex e-con e-child\" data-id=\"60baea7\" data-element_type=\"container\">\n\t\t\t\t<div class=\"elementor-element elementor-element-012d015 elementor-widget elementor-widget-image\" data-id=\"012d015\" data-element_type=\"widget\" data-widget_type=\"image.default\">\n\t\t\t\t<div class=\"elementor-widget-container\">\n\t\t\t\t\t\t\t\t\t\t\t\t\t\t\t<img decoding=\"async\" width=\"800\" height=\"477\" src=\"https:\/\/blog.wacheckin.com\/wp-content\/uploads\/2025\/05\/chatbot-IA-para-alojamientos-WACheckin-1.png\" class=\"attachment-large size-large wp-image-2343\" alt=\"\" srcset=\"https:\/\/blog.wacheckin.com\/wp-content\/uploads\/2025\/05\/chatbot-IA-para-alojamientos-WACheckin-1.png 989w, https:\/\/blog.wacheckin.com\/wp-content\/uploads\/2025\/05\/chatbot-IA-para-alojamientos-WACheckin-1-300x179.png 300w, https:\/\/blog.wacheckin.com\/wp-content\/uploads\/2025\/05\/chatbot-IA-para-alojamientos-WACheckin-1-768x458.png 768w\" sizes=\"(max-width: 800px) 100vw, 800px\" \/>\t\t\t\t\t\t\t\t\t\t\t\t\t\t\t<\/div>\n\t\t\t\t<\/div>\n\t\t\t\t<\/div>\n\t\t<div class=\"elementor-element elementor-element-babee44 e-con-full e-flex e-con e-child\" data-id=\"babee44\" data-element_type=\"container\">\n\t\t\t\t<div class=\"elementor-element elementor-element-132ae68 elementor-widget elementor-widget-heading\" data-id=\"132ae68\" data-element_type=\"widget\" data-widget_type=\"heading.default\">\n\t\t\t\t<div class=\"elementor-widget-container\">\n\t\t\t\t\t<h2 class=\"elementor-heading-title elementor-size-default\">Respuestas inmediatas, sin perder el toque humano<\/h2>\t\t\t\t<\/div>\n\t\t\t\t<\/div>\n\t\t\t\t<div class=\"elementor-element elementor-element-e6127c9 elementor-widget elementor-widget-text-editor\" data-id=\"e6127c9\" data-element_type=\"widget\" data-widget_type=\"text-editor.default\">\n\t\t\t\t<div class=\"elementor-widget-container\">\n\t\t\t\t\t\t\t\t\t<p data-start=\"693\" data-end=\"907\">Nuestro chatbot con inteligencia artificial est\u00e1 disponible todo el d\u00eda, todos los d\u00edas. Responde en segundos a preguntas frecuentes sobre check-in, WiFi, horarios, servicios y m\u00e1s.<\/p>\t\t\t\t\t\t\t\t<\/div>\n\t\t\t\t<\/div>\n\t\t\t\t<\/div>\n\t\t\t\t\t<\/div>\n\t\t\t\t<\/div>\n\t\t<div class=\"elementor-element elementor-element-1c165bf e-flex e-con-boxed e-con e-parent\" data-id=\"1c165bf\" data-element_type=\"container\">\n\t\t\t\t\t<div class=\"e-con-inner\">\n\t\t<div class=\"elementor-element elementor-element-3b84825 e-con-full e-flex e-con e-child\" data-id=\"3b84825\" data-element_type=\"container\">\n\t\t\t\t<div class=\"elementor-element elementor-element-f22f58f elementor-widget elementor-widget-heading\" data-id=\"f22f58f\" data-element_type=\"widget\" data-widget_type=\"heading.default\">\n\t\t\t\t<div class=\"elementor-widget-container\">\n\t\t\t\t\t<h2 class=\"elementor-heading-title elementor-size-default\">Habla como t\u00fa, responde por ti<\/h2>\t\t\t\t<\/div>\n\t\t\t\t<\/div>\n\t\t\t\t<div class=\"elementor-element elementor-element-31e2f5f elementor-widget elementor-widget-text-editor\" data-id=\"31e2f5f\" data-element_type=\"widget\" data-widget_type=\"text-editor.default\">\n\t\t\t\t<div class=\"elementor-widget-container\">\n\t\t\t\t\t\t\t\t\t<p data-start=\"693\" data-end=\"907\">No todos los alojamientos son iguales, y tu atenci\u00f3n tampoco deber\u00eda serlo. Con nuestro <strong>ChatBot IA<\/strong>, puedes personalizar completamente las respuestas para que reflejen el tono, estilo y necesidades \u00fanicas de tu hospedaje. \u00bfTienes una forma particular de dar la bienvenida? \u00bfOfreces servicios especiales como bicicletas, caf\u00e9 de cortes\u00eda o recomendaciones locales exclusivas? Todo eso puede formar parte del lenguaje del chatbot.<\/p>\t\t\t\t\t\t\t\t<\/div>\n\t\t\t\t<\/div>\n\t\t\t\t<\/div>\n\t\t<div class=\"elementor-element elementor-element-a5f3e6f e-con-full e-flex e-con e-child\" data-id=\"a5f3e6f\" data-element_type=\"container\">\n\t\t\t\t<div class=\"elementor-element elementor-element-b0b3b61 elementor-widget elementor-widget-image\" data-id=\"b0b3b61\" data-element_type=\"widget\" data-widget_type=\"image.default\">\n\t\t\t\t<div class=\"elementor-widget-container\">\n\t\t\t\t\t\t\t\t\t\t\t\t\t\t\t<img decoding=\"async\" width=\"800\" height=\"434\" src=\"https:\/\/blog.wacheckin.com\/wp-content\/uploads\/2025\/05\/ChatBot-IA-Wacheckin-Simulador-1024x556.png\" class=\"attachment-large size-large wp-image-2354\" alt=\"\" srcset=\"https:\/\/blog.wacheckin.com\/wp-content\/uploads\/2025\/05\/ChatBot-IA-Wacheckin-Simulador-1024x556.png 1024w, https:\/\/blog.wacheckin.com\/wp-content\/uploads\/2025\/05\/ChatBot-IA-Wacheckin-Simulador-300x163.png 300w, https:\/\/blog.wacheckin.com\/wp-content\/uploads\/2025\/05\/ChatBot-IA-Wacheckin-Simulador-768x417.png 768w, https:\/\/blog.wacheckin.com\/wp-content\/uploads\/2025\/05\/ChatBot-IA-Wacheckin-Simulador.png 1086w\" sizes=\"(max-width: 800px) 100vw, 800px\" \/>\t\t\t\t\t\t\t\t\t\t\t\t\t\t\t<\/div>\n\t\t\t\t<\/div>\n\t\t\t\t<\/div>\n\t\t\t\t\t<\/div>\n\t\t\t\t<\/div>\n\t\t<div class=\"elementor-element elementor-element-b42b0bf e-flex e-con-boxed e-con e-parent\" data-id=\"b42b0bf\" data-element_type=\"container\">\n\t\t\t\t\t<div class=\"e-con-inner\">\n\t\t<div class=\"elementor-element elementor-element-7e5e3a0 e-con-full e-flex e-con e-child\" data-id=\"7e5e3a0\" data-element_type=\"container\" data-settings=\"{&quot;background_background&quot;:&quot;classic&quot;}\">\n\t\t\t\t<div class=\"elementor-element elementor-element-473eef1 elementor-position-left elementor-vertical-align-middle elementor-widget elementor-widget-image-box\" data-id=\"473eef1\" data-element_type=\"widget\" data-widget_type=\"image-box.default\">\n\t\t\t\t<div class=\"elementor-widget-container\">\n\t\t\t\t\t<div class=\"elementor-image-box-wrapper\"><figure class=\"elementor-image-box-img\"><img loading=\"lazy\" decoding=\"async\" width=\"512\" height=\"512\" src=\"https:\/\/blog.wacheckin.com\/wp-content\/uploads\/2025\/05\/help-call_5214508.png\" class=\"attachment-full size-full wp-image-2082\" alt=\"\" srcset=\"https:\/\/blog.wacheckin.com\/wp-content\/uploads\/2025\/05\/help-call_5214508.png 512w, https:\/\/blog.wacheckin.com\/wp-content\/uploads\/2025\/05\/help-call_5214508-300x300.png 300w, https:\/\/blog.wacheckin.com\/wp-content\/uploads\/2025\/05\/help-call_5214508-150x150.png 150w\" sizes=\"(max-width: 512px) 100vw, 512px\" \/><\/figure><div class=\"elementor-image-box-content\"><h3 class=\"elementor-image-box-title\">Aprende y se adapta a tu estilo<\/h3><\/div><\/div>\t\t\t\t<\/div>\n\t\t\t\t<\/div>\n\t\t\t\t<div class=\"elementor-element elementor-element-bfba2f0 elementor-widget elementor-widget-text-editor\" data-id=\"bfba2f0\" data-element_type=\"widget\" data-widget_type=\"text-editor.default\">\n\t\t\t\t<div class=\"elementor-widget-container\">\n\t\t\t\t\t\t\t\t\t<div class=\"banner_content\"><div class=\"banner_block\"><div class=\"banner_description\">No es un bot gen\u00e9rico: puedes personalizar sus respuestas para que hable como t\u00fa, comparta la informaci\u00f3n espec\u00edfica de tu alojamiento y mantenga la coherencia con tu marca y tono.<\/div><\/div><\/div>\t\t\t\t\t\t\t\t<\/div>\n\t\t\t\t<\/div>\n\t\t\t\t<\/div>\n\t\t<div class=\"elementor-element elementor-element-5d83ba7 e-con-full e-flex e-con e-child\" data-id=\"5d83ba7\" data-element_type=\"container\" data-settings=\"{&quot;background_background&quot;:&quot;classic&quot;}\">\n\t\t\t\t<div class=\"elementor-element elementor-element-145ddd2 elementor-position-left elementor-vertical-align-middle elementor-widget elementor-widget-image-box\" data-id=\"145ddd2\" data-element_type=\"widget\" data-widget_type=\"image-box.default\">\n\t\t\t\t<div class=\"elementor-widget-container\">\n\t\t\t\t\t<div class=\"elementor-image-box-wrapper\"><figure class=\"elementor-image-box-img\"><img loading=\"lazy\" decoding=\"async\" width=\"512\" height=\"512\" src=\"https:\/\/blog.wacheckin.com\/wp-content\/uploads\/2025\/05\/help-call_5214508.png\" class=\"attachment-full size-full wp-image-2082\" alt=\"\" srcset=\"https:\/\/blog.wacheckin.com\/wp-content\/uploads\/2025\/05\/help-call_5214508.png 512w, https:\/\/blog.wacheckin.com\/wp-content\/uploads\/2025\/05\/help-call_5214508-300x300.png 300w, https:\/\/blog.wacheckin.com\/wp-content\/uploads\/2025\/05\/help-call_5214508-150x150.png 150w\" sizes=\"(max-width: 512px) 100vw, 512px\" \/><\/figure><div class=\"elementor-image-box-content\"><h3 class=\"elementor-image-box-title\">Disponibilidad 24\/7 sin esfuerzo<\/h3><\/div><\/div>\t\t\t\t<\/div>\n\t\t\t\t<\/div>\n\t\t\t\t<div class=\"elementor-element elementor-element-75b5d47 elementor-widget elementor-widget-text-editor\" data-id=\"75b5d47\" data-element_type=\"widget\" data-widget_type=\"text-editor.default\">\n\t\t\t\t<div class=\"elementor-widget-container\">\n\t\t\t\t\t\t\t\t\t<div class=\"banner_content\"><div class=\"banner_block\"><div class=\"banner_description\">Atiende a tus hu\u00e9spedes en cualquier momento, incluso mientras duermes. El chatbot responde al instante preguntas frecuentes sobre el alojamiento, reservas o servicios, sin que tengas que estar pendiente.<\/div><\/div><\/div>\t\t\t\t\t\t\t\t<\/div>\n\t\t\t\t<\/div>\n\t\t\t\t<\/div>\n\t\t\t\t\t<\/div>\n\t\t\t\t<\/div>\n\t\t\t\t<\/div>\n\t\t","protected":false},"excerpt":{"rendered":"<p>ChatBot IA entrenado Automatizaci\u00f3n inteligente, sin perder lo humano Tu hu\u00e9sped no deber\u00eda esperar para obtener respuestas. Nuestro asistente virtual, potenciado con inteligencia artificial, est\u00e1 siempre listo para resolver dudas al instante: desde el WiFi hasta c\u00f3mo llegar al alojamiento. Pruebala Gratis Respuestas inmediatas, sin perder el toque humano Nuestro chatbot con inteligencia artificial est\u00e1 [&hellip;]<\/p>\n","protected":false},"author":1,"featured_media":0,"parent":0,"menu_order":0,"comment_status":"closed","ping_status":"closed","template":"","meta":{"footnotes":""},"class_list":["post-2320","page","type-page","status-publish","hentry"],"_links":{"self":[{"href":"https:\/\/blog.wacheckin.com\/index.php\/wp-json\/wp\/v2\/pages\/2320","targetHints":{"allow":["GET"]}}],"collection":[{"href":"https:\/\/blog.wacheckin.com\/index.php\/wp-json\/wp\/v2\/pages"}],"about":[{"href":"https:\/\/blog.wacheckin.com\/index.php\/wp-json\/wp\/v2\/types\/page"}],"author":[{"embeddable":true,"href":"https:\/\/blog.wacheckin.com\/index.php\/wp-json\/wp\/v2\/users\/1"}],"replies":[{"embeddable":true,"href":"https:\/\/blog.wacheckin.com\/index.php\/wp-json\/wp\/v2\/comments?post=2320"}],"version-history":[{"count":58,"href":"https:\/\/blog.wacheckin.com\/index.php\/wp-json\/wp\/v2\/pages\/2320\/revisions"}],"predecessor-version":[{"id":3676,"href":"https:\/\/blog.wacheckin.com\/index.php\/wp-json\/wp\/v2\/pages\/2320\/revisions\/3676"}],"wp:attachment":[{"href":"https:\/\/blog.wacheckin.com\/index.php\/wp-json\/wp\/v2\/media?parent=2320"}],"curies":[{"name":"wp","href":"https:\/\/api.w.org\/{rel}","templated":true}]}}