{"id":2441,"date":"2025-06-03T11:30:44","date_gmt":"2025-06-03T16:30:44","guid":{"rendered":"https:\/\/blog.wacheckin.com\/?page_id=2441"},"modified":"2025-06-16T12:23:04","modified_gmt":"2025-06-16T17:23:04","slug":"checkin-online-whatsapp","status":"publish","type":"page","link":"https:\/\/blog.wacheckin.com\/index.php\/checkin-online-whatsapp","title":{"rendered":"Checkin Online WhatsApp"},"content":{"rendered":"\t\t<div data-elementor-type=\"wp-page\" data-elementor-id=\"2441\" class=\"elementor elementor-2441\" data-elementor-post-type=\"page\">\n\t\t\t\t<div class=\"elementor-element elementor-element-9d60dd2 e-flex e-con-boxed e-con e-parent\" data-id=\"9d60dd2\" data-element_type=\"container\">\n\t\t\t\t\t<div class=\"e-con-inner\">\n\t\t<div class=\"elementor-element elementor-element-bbf7364 e-con-full e-flex e-con e-child\" data-id=\"bbf7364\" data-element_type=\"container\">\n\t\t\t\t<div class=\"elementor-element elementor-element-4c32596 elementor-widget elementor-widget-heading\" data-id=\"4c32596\" data-element_type=\"widget\" data-widget_type=\"heading.default\">\n\t\t\t\t<div class=\"elementor-widget-container\">\n\t\t\t\t\t<h2 class=\"elementor-heading-title elementor-size-default\">Check-in autom\u00e1tico,  v\u00eda WhatsApp<\/h2>\t\t\t\t<\/div>\n\t\t\t\t<\/div>\n\t\t\t\t<div class=\"elementor-element elementor-element-d6a978e elementor-widget elementor-widget-heading\" data-id=\"d6a978e\" data-element_type=\"widget\" data-widget_type=\"heading.default\">\n\t\t\t\t<div class=\"elementor-widget-container\">\n\t\t\t\t\t<h2 class=\"elementor-heading-title elementor-size-default\">sin apps ni complicaciones<\/h2>\t\t\t\t<\/div>\n\t\t\t\t<\/div>\n\t\t\t\t<div class=\"elementor-element elementor-element-371841b elementor-widget elementor-widget-text-editor\" data-id=\"371841b\" data-element_type=\"widget\" data-widget_type=\"text-editor.default\">\n\t\t\t\t<div class=\"elementor-widget-container\">\n\t\t\t\t\t\t\t\t\t<p>Tus hu\u00e9spedes completan el proceso desde su celular, de forma f\u00e1cil, r\u00e1pida y segura\u2026 directamente por WhatsApp.<\/p>\t\t\t\t\t\t\t\t<\/div>\n\t\t\t\t<\/div>\n\t\t\t\t<div class=\"elementor-element elementor-element-b302d43 elementor-widget elementor-widget-button\" data-id=\"b302d43\" data-element_type=\"widget\" data-widget_type=\"button.default\">\n\t\t\t\t<div class=\"elementor-widget-container\">\n\t\t\t\t\t\t\t\t\t<div class=\"elementor-button-wrapper\">\n\t\t\t\t\t<a class=\"elementor-button elementor-button-link elementor-size-sm\" href=\"#\">\n\t\t\t\t\t\t<span class=\"elementor-button-content-wrapper\">\n\t\t\t\t\t\t\t\t\t<span class=\"elementor-button-text\">Pruebala Gratis <\/span>\n\t\t\t\t\t<\/span>\n\t\t\t\t\t<\/a>\n\t\t\t\t<\/div>\n\t\t\t\t\t\t\t\t<\/div>\n\t\t\t\t<\/div>\n\t\t\t\t<\/div>\n\t\t<div class=\"elementor-element elementor-element-33ccd04 e-con-full e-flex e-con e-child\" data-id=\"33ccd04\" data-element_type=\"container\">\n\t\t\t\t<div class=\"elementor-element elementor-element-7b5729e elementor-widget elementor-widget-image\" data-id=\"7b5729e\" data-element_type=\"widget\" data-widget_type=\"image.default\">\n\t\t\t\t<div class=\"elementor-widget-container\">\n\t\t\t\t\t\t\t\t\t\t\t\t\t\t\t<img fetchpriority=\"high\" decoding=\"async\" width=\"800\" height=\"507\" src=\"https:\/\/blog.wacheckin.com\/wp-content\/uploads\/2025\/06\/checkin-automatico-via-whatsApp-1.png\" class=\"attachment-large size-large wp-image-2462\" alt=\"\" srcset=\"https:\/\/blog.wacheckin.com\/wp-content\/uploads\/2025\/06\/checkin-automatico-via-whatsApp-1.png 990w, https:\/\/blog.wacheckin.com\/wp-content\/uploads\/2025\/06\/checkin-automatico-via-whatsApp-1-300x190.png 300w, https:\/\/blog.wacheckin.com\/wp-content\/uploads\/2025\/06\/checkin-automatico-via-whatsApp-1-768x486.png 768w\" sizes=\"(max-width: 800px) 100vw, 800px\" \/>\t\t\t\t\t\t\t\t\t\t\t\t\t\t\t<\/div>\n\t\t\t\t<\/div>\n\t\t\t\t<\/div>\n\t\t\t\t\t<\/div>\n\t\t\t\t<\/div>\n\t\t<div class=\"elementor-element elementor-element-4392960 e-flex e-con-boxed e-con e-parent\" data-id=\"4392960\" data-element_type=\"container\">\n\t\t\t\t\t<div class=\"e-con-inner\">\n\t\t\t\t<div class=\"elementor-element elementor-element-b401eb1 elementor-widget elementor-widget-heading\" data-id=\"b401eb1\" data-element_type=\"widget\" data-widget_type=\"heading.default\">\n\t\t\t\t<div class=\"elementor-widget-container\">\n\t\t\t\t\t<h2 class=\"elementor-heading-title elementor-size-default\"> \u00bfC\u00f3mo funciona?<\/h2>\t\t\t\t<\/div>\n\t\t\t\t<\/div>\n\t\t\t\t<div class=\"elementor-element elementor-element-9711481 elementor-widget elementor-widget-heading\" data-id=\"9711481\" data-element_type=\"widget\" data-widget_type=\"heading.default\">\n\t\t\t\t<div class=\"elementor-widget-container\">\n\t\t\t\t\t<h2 class=\"elementor-heading-title elementor-size-default\">Imagina esto...<\/h2>\t\t\t\t<\/div>\n\t\t\t\t<\/div>\n\t\t\t\t<div class=\"elementor-element elementor-element-b2d1e01 elementor-widget elementor-widget-text-editor\" data-id=\"b2d1e01\" data-element_type=\"widget\" data-widget_type=\"text-editor.default\">\n\t\t\t\t<div class=\"elementor-widget-container\">\n\t\t\t\t\t\t\t\t\t<p>Tu hu\u00e9sped est\u00e1 en camino, con su maleta en la mano y el m\u00f3vil en la otra. Entonces&#8230;<\/p>\t\t\t\t\t\t\t\t<\/div>\n\t\t\t\t<\/div>\n\t\t\t\t\t<\/div>\n\t\t\t\t<\/div>\n\t\t<div class=\"elementor-element elementor-element-c2f995f e-flex e-con-boxed e-con e-parent\" data-id=\"c2f995f\" data-element_type=\"container\">\n\t\t\t\t\t<div class=\"e-con-inner\">\n\t\t\t\t<div class=\"elementor-element elementor-element-341ad09 elementor-widget elementor-widget-html\" data-id=\"341ad09\" data-element_type=\"widget\" data-widget_type=\"html.default\">\n\t\t\t\t<div class=\"elementor-widget-container\">\n\t\t\t\t\t<script>\ndocument.addEventListener(\"DOMContentLoaded\", function () {\n    const imageDisplay = document.querySelector('.image-display img');\n    if (!imageDisplay) {\n        console.error(\"\u26a0\ufe0f No se encontr\u00f3 la imagen con clase 'image-display'\");\n        return;\n    }\n\n    const images = {\n        \"paso1\": \"https:\/\/blog.wacheckin.com\/wp-content\/uploads\/2025\/06\/checkin-automatico-via-whatsapp.gif\",\n        \"paso2\": \"https:\/\/blog.wacheckin.com\/wp-content\/uploads\/2025\/06\/enlace-para-autocheckin-wacheckin.gif\",\n        \"paso3\": \"https:\/\/blog.wacheckin.com\/wp-content\/uploads\/2025\/06\/scanner-documento-checkin-whatsapp.gif\",\n        \"paso4\": \"https:\/\/blog.wacheckin.com\/wp-content\/uploads\/2025\/06\/firma-digital-checkin-online.gif\"\n    };\n\n    const items = document.querySelectorAll('.hover-item');\n\n    \/\/ Imagen inicial\n    imageDisplay.src = images[\"paso1\"];\n\n    \/\/ Marcar el primer contenedor como activo (paso1)\n    const firstItem = document.querySelector('.hover-item.paso1');\n    if (firstItem) {\n        firstItem.classList.add('active');\n    }\n\n    items.forEach(item => {\n        item.addEventListener('mouseenter', function () {\n            const matchedClass = [...this.classList].find(cls => cls.startsWith(\"paso\"));\n            if (matchedClass && images[matchedClass]) {\n                imageDisplay.src = images[matchedClass];\n\n                \/\/ Quitar clase active de todos\n                items.forEach(i => i.classList.remove('active'));\n\n                \/\/ Agregar clase active al actual\n                this.classList.add('active');\n            }\n        });\n    });\n});\n<\/script>\n\t\t\t\t<\/div>\n\t\t\t\t<\/div>\n\t\t\t\t<div class=\"elementor-element elementor-element-18af205 elementor-widget elementor-widget-html\" data-id=\"18af205\" data-element_type=\"widget\" data-widget_type=\"html.default\">\n\t\t\t\t<div class=\"elementor-widget-container\">\n\t\t\t\t\t<style>\n.hover-item.active {\n    border: 1px solid #13af4d; \/* Puedes cambiar el color *\/\n    border-radius: 8px;\n    transition: border 0.3s ease;\n}\n<\/style>\n\t\t\t\t<\/div>\n\t\t\t\t<\/div>\n\t\t\t\t\t<\/div>\n\t\t\t\t<\/div>\n\t\t<div class=\"elementor-element elementor-element-53798f8 e-flex e-con-boxed e-con e-parent\" data-id=\"53798f8\" data-element_type=\"container\">\n\t\t\t\t\t<div class=\"e-con-inner\">\n\t\t<div class=\"elementor-element elementor-element-34db97d e-con-full e-flex e-con e-child\" data-id=\"34db97d\" data-element_type=\"container\" data-settings=\"{&quot;background_background&quot;:&quot;classic&quot;}\">\n\t\t<div class=\"elementor-element elementor-element-6f98aa1 e-con-full hover-item paso1 e-flex e-con e-child\" data-id=\"6f98aa1\" data-element_type=\"container\" data-settings=\"{&quot;background_background&quot;:&quot;classic&quot;}\" data-image=\"\">\n\t\t\t\t<div class=\"elementor-element elementor-element-3a0808c elementor-position-left elementor-vertical-align-top elementor-widget elementor-widget-image-box\" data-id=\"3a0808c\" data-element_type=\"widget\" data-widget_type=\"image-box.default\">\n\t\t\t\t<div class=\"elementor-widget-container\">\n\t\t\t\t\t<div class=\"elementor-image-box-wrapper\"><figure class=\"elementor-image-box-img\"><img decoding=\"async\" width=\"288\" height=\"247\" src=\"https:\/\/blog.wacheckin.com\/wp-content\/uploads\/2025\/06\/icon1.png\" class=\"attachment-full size-full wp-image-2490\" alt=\"\" \/><\/figure><div class=\"elementor-image-box-content\"><h3 class=\"elementor-image-box-title\">Recibe enlace v\u00eda WhatsApp<\/h3><p class=\"elementor-image-box-description\">Autom\u00e1ticamente, nuestro sistema le env\u00eda un mensaje personalizable antes de su llegada. <\/p><\/div><\/div>\t\t\t\t<\/div>\n\t\t\t\t<\/div>\n\t\t\t\t<\/div>\n\t\t<div class=\"elementor-element elementor-element-c0ea152 e-con-full hover-item paso2 e-flex e-con e-child\" data-id=\"c0ea152\" data-element_type=\"container\" data-settings=\"{&quot;background_background&quot;:&quot;classic&quot;}\" data-image=\"\">\n\t\t\t\t<div class=\"elementor-element elementor-element-13130dd elementor-position-left elementor-vertical-align-top elementor-widget elementor-widget-image-box\" data-id=\"13130dd\" data-element_type=\"widget\" data-widget_type=\"image-box.default\">\n\t\t\t\t<div class=\"elementor-widget-container\">\n\t\t\t\t\t<div class=\"elementor-image-box-wrapper\"><figure class=\"elementor-image-box-img\"><img decoding=\"async\" width=\"288\" height=\"247\" src=\"https:\/\/blog.wacheckin.com\/wp-content\/uploads\/2025\/06\/icon2.png\" class=\"attachment-full size-full wp-image-2491\" alt=\"\" \/><\/figure><div class=\"elementor-image-box-content\"><h3 class=\"elementor-image-box-title\">Accede a un enlace \u00fanico y seguro<\/h3><p class=\"elementor-image-box-description\">Con un solo clic, se abre el proceso de check-in en el navegador. No hay que descargar nada.<\/p><\/div><\/div>\t\t\t\t<\/div>\n\t\t\t\t<\/div>\n\t\t\t\t<\/div>\n\t\t<div class=\"elementor-element elementor-element-812b60a e-con-full hover-item paso3 e-flex e-con e-child\" data-id=\"812b60a\" data-element_type=\"container\" data-settings=\"{&quot;background_background&quot;:&quot;classic&quot;}\" data-image=\"\">\n\t\t\t\t<div class=\"elementor-element elementor-element-918fa60 elementor-position-left elementor-vertical-align-top elementor-widget elementor-widget-image-box\" data-id=\"918fa60\" data-element_type=\"widget\" data-widget_type=\"image-box.default\">\n\t\t\t\t<div class=\"elementor-widget-container\">\n\t\t\t\t\t<div class=\"elementor-image-box-wrapper\"><figure class=\"elementor-image-box-img\"><img loading=\"lazy\" decoding=\"async\" width=\"279\" height=\"251\" src=\"https:\/\/blog.wacheckin.com\/wp-content\/uploads\/2025\/06\/icon3.png\" class=\"attachment-full size-full wp-image-2492\" alt=\"\" \/><\/figure><div class=\"elementor-image-box-content\"><h3 class=\"elementor-image-box-title\">Escanea su documento de identidad<\/h3><p class=\"elementor-image-box-description\">Solo necesita enfocar el documento con la c\u00e1mara. El sistema extrae los datos autom\u00e1ticamente.<\/p><\/div><\/div>\t\t\t\t<\/div>\n\t\t\t\t<\/div>\n\t\t\t\t<\/div>\n\t\t<div class=\"elementor-element elementor-element-581ffdc e-con-full hover-item paso4 e-flex e-con e-child\" data-id=\"581ffdc\" data-element_type=\"container\" data-settings=\"{&quot;background_background&quot;:&quot;classic&quot;}\" data-image=\"\">\n\t\t\t\t<div class=\"elementor-element elementor-element-057de9f elementor-position-left elementor-vertical-align-top elementor-widget elementor-widget-image-box\" data-id=\"057de9f\" data-element_type=\"widget\" data-widget_type=\"image-box.default\">\n\t\t\t\t<div class=\"elementor-widget-container\">\n\t\t\t\t\t<div class=\"elementor-image-box-wrapper\"><figure class=\"elementor-image-box-img\"><img loading=\"lazy\" decoding=\"async\" width=\"288\" height=\"247\" src=\"https:\/\/blog.wacheckin.com\/wp-content\/uploads\/2025\/06\/icon4.png\" class=\"attachment-full size-full wp-image-2493\" alt=\"\" \/><\/figure><div class=\"elementor-image-box-content\"><h3 class=\"elementor-image-box-title\">Revisa, completa y firma<\/h3><p class=\"elementor-image-box-description\">El hu\u00e9sped valida que los datos est\u00e9n correctos, acepta las pol\u00edticas del alojamiento y firma digitalmente.<\/p><\/div><\/div>\t\t\t\t<\/div>\n\t\t\t\t<\/div>\n\t\t\t\t<\/div>\n\t\t\t\t<\/div>\n\t\t<div class=\"elementor-element elementor-element-779e1cc e-con-full e-flex e-con e-child\" data-id=\"779e1cc\" data-element_type=\"container\">\n\t\t\t\t<div class=\"elementor-element elementor-element-6c26ed1 image-display elementor-widget elementor-widget-image\" data-id=\"6c26ed1\" data-element_type=\"widget\" data-widget_type=\"image.default\">\n\t\t\t\t<div class=\"elementor-widget-container\">\n\t\t\t\t\t\t\t\t\t\t\t\t\t\t\t<img decoding=\"async\" src=\"https:\/\/blog.wacheckin.com\/wp-content\/plugins\/elementor\/assets\/images\/placeholder.png\" title=\"\" alt=\"\" loading=\"lazy\" \/>\t\t\t\t\t\t\t\t\t\t\t\t\t\t\t<\/div>\n\t\t\t\t<\/div>\n\t\t\t\t<\/div>\n\t\t\t\t\t<\/div>\n\t\t\t\t<\/div>\n\t\t<div class=\"elementor-element elementor-element-fa8fff4 e-flex e-con-boxed e-con e-parent\" data-id=\"fa8fff4\" data-element_type=\"container\">\n\t\t\t\t\t<div class=\"e-con-inner\">\n\t\t\t\t<div class=\"elementor-element elementor-element-d5503d2 elementor-widget elementor-widget-heading\" data-id=\"d5503d2\" data-element_type=\"widget\" data-widget_type=\"heading.default\">\n\t\t\t\t<div class=\"elementor-widget-container\">\n\t\t\t\t\t<h2 class=\"elementor-heading-title elementor-size-default\"> \u00a1Y listo! Check-in completado en minutos, sin contacto, sin esperas y sin papeles.<\/h2>\t\t\t\t<\/div>\n\t\t\t\t<\/div>\n\t\t\t\t\t<\/div>\n\t\t\t\t<\/div>\n\t\t<div class=\"elementor-element elementor-element-ecca0a4 e-flex e-con-boxed e-con e-parent\" data-id=\"ecca0a4\" data-element_type=\"container\">\n\t\t\t\t\t<div class=\"e-con-inner\">\n\t\t\t\t<div class=\"elementor-element elementor-element-1769a15 elementor-widget elementor-widget-heading\" data-id=\"1769a15\" data-element_type=\"widget\" data-widget_type=\"heading.default\">\n\t\t\t\t<div class=\"elementor-widget-container\">\n\t\t\t\t\t<h2 class=\"elementor-heading-title elementor-size-default\">M\u00e1s que un simple check-in<\/h2>\t\t\t\t<\/div>\n\t\t\t\t<\/div>\n\t\t\t\t<div class=\"elementor-element elementor-element-2d792dd elementor-widget elementor-widget-text-editor\" data-id=\"2d792dd\" data-element_type=\"widget\" data-widget_type=\"text-editor.default\">\n\t\t\t\t<div class=\"elementor-widget-container\">\n\t\t\t\t\t\t\t\t\t<p data-start=\"217\" data-end=\"414\">Nuestro sistema no solo agiliza el registro de tus hu\u00e9spedes, tambi\u00e9n mejora la experiencia desde el primer contacto. Estas son algunas funciones extra que lo hacen tan completo como f\u00e1cil de usar<\/p>\t\t\t\t\t\t\t\t<\/div>\n\t\t\t\t<\/div>\n\t\t\t\t\t<\/div>\n\t\t\t\t<\/div>\n\t\t<div class=\"elementor-element elementor-element-92dd2b3 e-flex e-con-boxed e-con e-parent\" data-id=\"92dd2b3\" data-element_type=\"container\">\n\t\t\t\t\t<div class=\"e-con-inner\">\n\t\t<div class=\"elementor-element elementor-element-7223151 e-con-full e-flex e-con e-child\" data-id=\"7223151\" data-element_type=\"container\">\n\t\t\t\t<div class=\"elementor-element elementor-element-8da464d elementor-widget elementor-widget-image\" data-id=\"8da464d\" data-element_type=\"widget\" data-widget_type=\"image.default\">\n\t\t\t\t<div class=\"elementor-widget-container\">\n\t\t\t\t\t\t\t\t\t\t\t\t\t\t\t<img loading=\"lazy\" decoding=\"async\" width=\"800\" height=\"507\" src=\"https:\/\/blog.wacheckin.com\/wp-content\/uploads\/2025\/06\/mensaje-de-bienvenida-checkin-online.png\" class=\"attachment-large size-large wp-image-2562\" alt=\"\" srcset=\"https:\/\/blog.wacheckin.com\/wp-content\/uploads\/2025\/06\/mensaje-de-bienvenida-checkin-online.png 990w, https:\/\/blog.wacheckin.com\/wp-content\/uploads\/2025\/06\/mensaje-de-bienvenida-checkin-online-300x190.png 300w, https:\/\/blog.wacheckin.com\/wp-content\/uploads\/2025\/06\/mensaje-de-bienvenida-checkin-online-768x486.png 768w\" sizes=\"(max-width: 800px) 100vw, 800px\" \/>\t\t\t\t\t\t\t\t\t\t\t\t\t\t\t<\/div>\n\t\t\t\t<\/div>\n\t\t\t\t<\/div>\n\t\t<div class=\"elementor-element elementor-element-6c96b72 e-con-full e-flex e-con e-child\" data-id=\"6c96b72\" data-element_type=\"container\">\n\t\t\t\t<div class=\"elementor-element elementor-element-3991b9b elementor-widget elementor-widget-heading\" data-id=\"3991b9b\" data-element_type=\"widget\" data-widget_type=\"heading.default\">\n\t\t\t\t<div class=\"elementor-widget-container\">\n\t\t\t\t\t<h2 class=\"elementor-heading-title elementor-size-default\">Mensaje personalizado por WhatsApp<\/h2>\t\t\t\t<\/div>\n\t\t\t\t<\/div>\n\t\t\t\t<div class=\"elementor-element elementor-element-700a764 elementor-widget elementor-widget-text-editor\" data-id=\"700a764\" data-element_type=\"widget\" data-widget_type=\"text-editor.default\">\n\t\t\t\t<div class=\"elementor-widget-container\">\n\t\t\t\t\t\t\t\t\t<p data-start=\"693\" data-end=\"907\">Desde el momento en que se activa el check-in, el hu\u00e9sped recibe un mensaje autom\u00e1tico por WhatsApp con un enlace \u00fanico. Este mensaje se puede personalizar completamente con el nombre de tu alojamiento, el tono que desees (formal o relajado), e incluso incluir recomendaciones, saludos especiales o instrucciones. Esto te permite mantener una comunicaci\u00f3n c\u00e1lida, directa y alineada con tu marca<\/p><p data-start=\"693\" data-end=\"907\">\u00a0<\/p>\t\t\t\t\t\t\t\t<\/div>\n\t\t\t\t<\/div>\n\t\t\t\t<\/div>\n\t\t\t\t\t<\/div>\n\t\t\t\t<\/div>\n\t\t<div class=\"elementor-element elementor-element-ce516af e-flex e-con-boxed e-con e-parent\" data-id=\"ce516af\" data-element_type=\"container\">\n\t\t\t\t\t<div class=\"e-con-inner\">\n\t\t<div class=\"elementor-element elementor-element-70aa337 e-con-full e-flex e-con e-child\" data-id=\"70aa337\" data-element_type=\"container\">\n\t\t\t\t<div class=\"elementor-element elementor-element-d10a80d elementor-widget elementor-widget-heading\" data-id=\"d10a80d\" data-element_type=\"widget\" data-widget_type=\"heading.default\">\n\t\t\t\t<div class=\"elementor-widget-container\">\n\t\t\t\t\t<h2 class=\"elementor-heading-title elementor-size-default\">Verificaci\u00f3n autom\u00e1tica de identidad<\/h2>\t\t\t\t<\/div>\n\t\t\t\t<\/div>\n\t\t\t\t<div class=\"elementor-element elementor-element-d3f504e elementor-widget elementor-widget-text-editor\" data-id=\"d3f504e\" data-element_type=\"widget\" data-widget_type=\"text-editor.default\">\n\t\t\t\t<div class=\"elementor-widget-container\">\n\t\t\t\t\t\t\t\t\t<p data-start=\"1479\" data-end=\"1860\">El sistema solicita al hu\u00e9sped escanear su documento de identidad (DNI, pasaporte, etc.) usando la c\u00e1mara del m\u00f3vil. comprobamos la identidad de tus hu\u00e9spedes mediante nuestro software de comparaci\u00f3n biom\u00e9trica, asegurando que su documentaci\u00f3n corresponde con la persona que accede a tu vivienda.<\/p>\t\t\t\t\t\t\t\t<\/div>\n\t\t\t\t<\/div>\n\t\t\t\t<\/div>\n\t\t<div class=\"elementor-element elementor-element-c7ca2e4 e-con-full e-flex e-con e-child\" data-id=\"c7ca2e4\" data-element_type=\"container\">\n\t\t\t\t<div class=\"elementor-element elementor-element-506d4f4 elementor-widget elementor-widget-image\" data-id=\"506d4f4\" data-element_type=\"widget\" data-widget_type=\"image.default\">\n\t\t\t\t<div class=\"elementor-widget-container\">\n\t\t\t\t\t\t\t\t\t\t\t\t\t\t\t<img loading=\"lazy\" decoding=\"async\" width=\"779\" height=\"627\" src=\"https:\/\/blog.wacheckin.com\/wp-content\/uploads\/2025\/06\/selfie_WA-Checkin-.png\" class=\"attachment-large size-large wp-image-2566\" alt=\"\" srcset=\"https:\/\/blog.wacheckin.com\/wp-content\/uploads\/2025\/06\/selfie_WA-Checkin-.png 779w, https:\/\/blog.wacheckin.com\/wp-content\/uploads\/2025\/06\/selfie_WA-Checkin--300x241.png 300w, https:\/\/blog.wacheckin.com\/wp-content\/uploads\/2025\/06\/selfie_WA-Checkin--768x618.png 768w\" sizes=\"(max-width: 779px) 100vw, 779px\" \/>\t\t\t\t\t\t\t\t\t\t\t\t\t\t\t<\/div>\n\t\t\t\t<\/div>\n\t\t\t\t<\/div>\n\t\t\t\t\t<\/div>\n\t\t\t\t<\/div>\n\t\t<div class=\"elementor-element elementor-element-6a98604 e-flex e-con-boxed e-con e-parent\" data-id=\"6a98604\" data-element_type=\"container\">\n\t\t\t\t\t<div class=\"e-con-inner\">\n\t\t<div class=\"elementor-element elementor-element-4c55882 e-con-full e-flex e-con e-child\" data-id=\"4c55882\" data-element_type=\"container\">\n\t\t\t\t<div class=\"elementor-element elementor-element-8189eb4 elementor-widget elementor-widget-image\" data-id=\"8189eb4\" data-element_type=\"widget\" data-widget_type=\"image.default\">\n\t\t\t\t<div class=\"elementor-widget-container\">\n\t\t\t\t\t\t\t\t\t\t\t\t\t\t\t<img loading=\"lazy\" decoding=\"async\" width=\"800\" height=\"403\" src=\"https:\/\/blog.wacheckin.com\/wp-content\/uploads\/2025\/05\/cerradura-inteligente-checkin-1024x516.png\" class=\"attachment-large size-large wp-image-2218\" alt=\"\" srcset=\"https:\/\/blog.wacheckin.com\/wp-content\/uploads\/2025\/05\/cerradura-inteligente-checkin-1024x516.png 1024w, https:\/\/blog.wacheckin.com\/wp-content\/uploads\/2025\/05\/cerradura-inteligente-checkin-300x151.png 300w, https:\/\/blog.wacheckin.com\/wp-content\/uploads\/2025\/05\/cerradura-inteligente-checkin-768x387.png 768w, https:\/\/blog.wacheckin.com\/wp-content\/uploads\/2025\/05\/cerradura-inteligente-checkin.png 1330w\" sizes=\"(max-width: 800px) 100vw, 800px\" \/>\t\t\t\t\t\t\t\t\t\t\t\t\t\t\t<\/div>\n\t\t\t\t<\/div>\n\t\t\t\t<\/div>\n\t\t<div class=\"elementor-element elementor-element-4b1b370 e-con-full e-flex e-con e-child\" data-id=\"4b1b370\" data-element_type=\"container\">\n\t\t\t\t<div class=\"elementor-element elementor-element-5d153b2 elementor-widget elementor-widget-heading\" data-id=\"5d153b2\" data-element_type=\"widget\" data-widget_type=\"heading.default\">\n\t\t\t\t<div class=\"elementor-widget-container\">\n\t\t\t\t\t<h2 class=\"elementor-heading-title elementor-size-default\">Env\u00edo autom\u00e1tico de claves de habitaci\u00f3n<\/h2>\t\t\t\t<\/div>\n\t\t\t\t<\/div>\n\t\t\t\t<div class=\"elementor-element elementor-element-2dd05c7 elementor-widget elementor-widget-text-editor\" data-id=\"2dd05c7\" data-element_type=\"widget\" data-widget_type=\"text-editor.default\">\n\t\t\t\t<div class=\"elementor-widget-container\">\n\t\t\t\t\t\t\t\t\t<p data-start=\"693\" data-end=\"907\">Una vez el check-in est\u00e1 completo y verificado, el sistema puede activar el env\u00edo autom\u00e1tico de la informaci\u00f3n de acceso, un c\u00f3digo para cerradura digital, indicaciones espec\u00edficas para ingresar al alojamiento. Esto permite una llegada totalmente aut\u00f3noma, ideal para check-ins fuera de horario o sin recepci\u00f3n f\u00edsica.<\/p><p data-start=\"693\" data-end=\"907\">\u00a0<\/p>\t\t\t\t\t\t\t\t<\/div>\n\t\t\t\t<\/div>\n\t\t\t\t<\/div>\n\t\t\t\t\t<\/div>\n\t\t\t\t<\/div>\n\t\t\t\t<\/div>\n\t\t","protected":false},"excerpt":{"rendered":"<p>Check-in autom\u00e1tico, v\u00eda WhatsApp sin apps ni complicaciones Tus hu\u00e9spedes completan el proceso desde su celular, de forma f\u00e1cil, r\u00e1pida y segura\u2026 directamente por WhatsApp. Pruebala Gratis \u00bfC\u00f3mo funciona? Imagina esto&#8230; Tu hu\u00e9sped est\u00e1 en camino, con su maleta en la mano y el m\u00f3vil en la otra. Entonces&#8230; Recibe enlace v\u00eda WhatsApp Autom\u00e1ticamente, nuestro [&hellip;]<\/p>\n","protected":false},"author":1,"featured_media":0,"parent":0,"menu_order":0,"comment_status":"closed","ping_status":"closed","template":"","meta":{"footnotes":""},"class_list":["post-2441","page","type-page","status-publish","hentry"],"_links":{"self":[{"href":"https:\/\/blog.wacheckin.com\/index.php\/wp-json\/wp\/v2\/pages\/2441","targetHints":{"allow":["GET"]}}],"collection":[{"href":"https:\/\/blog.wacheckin.com\/index.php\/wp-json\/wp\/v2\/pages"}],"about":[{"href":"https:\/\/blog.wacheckin.com\/index.php\/wp-json\/wp\/v2\/types\/page"}],"author":[{"embeddable":true,"href":"https:\/\/blog.wacheckin.com\/index.php\/wp-json\/wp\/v2\/users\/1"}],"replies":[{"embeddable":true,"href":"https:\/\/blog.wacheckin.com\/index.php\/wp-json\/wp\/v2\/comments?post=2441"}],"version-history":[{"count":133,"href":"https:\/\/blog.wacheckin.com\/index.php\/wp-json\/wp\/v2\/pages\/2441\/revisions"}],"predecessor-version":[{"id":3602,"href":"https:\/\/blog.wacheckin.com\/index.php\/wp-json\/wp\/v2\/pages\/2441\/revisions\/3602"}],"wp:attachment":[{"href":"https:\/\/blog.wacheckin.com\/index.php\/wp-json\/wp\/v2\/media?parent=2441"}],"curies":[{"name":"wp","href":"https:\/\/api.w.org\/{rel}","templated":true}]}}