{"id":2615,"date":"2025-06-04T09:56:07","date_gmt":"2025-06-04T14:56:07","guid":{"rendered":"https:\/\/blog.wacheckin.com\/?page_id=2615"},"modified":"2025-06-16T11:53:00","modified_gmt":"2025-06-16T16:53:00","slug":"gestion-de-huespedes","status":"publish","type":"page","link":"https:\/\/blog.wacheckin.com\/index.php\/gestion-de-huespedes","title":{"rendered":"Gesti\u00f3n de hu\u00e9spedes"},"content":{"rendered":"\t\t<div data-elementor-type=\"wp-page\" data-elementor-id=\"2615\" class=\"elementor elementor-2615\" data-elementor-post-type=\"page\">\n\t\t\t\t<div class=\"elementor-element elementor-element-c516bad e-flex e-con-boxed e-con e-parent\" data-id=\"c516bad\" data-element_type=\"container\" data-settings=\"{&quot;background_background&quot;:&quot;classic&quot;}\">\n\t\t\t\t\t<div class=\"e-con-inner\">\n\t\t<div class=\"elementor-element elementor-element-d59ab43 e-con-full e-flex e-con e-child\" data-id=\"d59ab43\" data-element_type=\"container\" data-settings=\"{&quot;background_background&quot;:&quot;classic&quot;}\">\n\t\t\t\t<div class=\"elementor-element elementor-element-f54403c elementor-widget elementor-widget-heading\" data-id=\"f54403c\" data-element_type=\"widget\" data-widget_type=\"heading.default\">\n\t\t\t\t<div class=\"elementor-widget-container\">\n\t\t\t\t\t<h2 class=\"elementor-heading-title elementor-size-default\">Automatiza, personaliza y optimiza cada etapa de la estad\u00eda\n<\/h2>\t\t\t\t<\/div>\n\t\t\t\t<\/div>\n\t\t\t\t<div class=\"elementor-element elementor-element-1e0bda7 elementor-widget elementor-widget-text-editor\" data-id=\"1e0bda7\" data-element_type=\"widget\" data-widget_type=\"text-editor.default\">\n\t\t\t\t<div class=\"elementor-widget-container\">\n\t\t\t\t\t\t\t\t\t<p>Centraliza todas las herramientas que necesitas para ofrecer una experiencia eficiente, sin perder el toque humano. Desde el primer mensaje hasta el check-out, gestiona tus reservas con inteligencia, rapidez y cercan\u00eda.<\/p>\t\t\t\t\t\t\t\t<\/div>\n\t\t\t\t<\/div>\n\t\t\t\t<\/div>\n\t\t<div class=\"elementor-element elementor-element-cf37ea4 e-con-full e-flex e-con e-child\" data-id=\"cf37ea4\" data-element_type=\"container\">\n\t\t<div class=\"elementor-element elementor-element-e823787 e-con-full e-flex e-con e-child\" data-id=\"e823787\" data-element_type=\"container\">\n\t\t\t\t<\/div>\n\t\t<div class=\"elementor-element elementor-element-6fa36a9 e-con-full e-flex e-con e-child\" data-id=\"6fa36a9\" data-element_type=\"container\">\n\t\t\t\t<div class=\"elementor-element elementor-element-585239b elementor-widget elementor-widget-button\" data-id=\"585239b\" data-element_type=\"widget\" data-widget_type=\"button.default\">\n\t\t\t\t<div class=\"elementor-widget-container\">\n\t\t\t\t\t\t\t\t\t<div class=\"elementor-button-wrapper\">\n\t\t\t\t\t<a class=\"elementor-button elementor-button-link elementor-size-sm\" href=\"#\">\n\t\t\t\t\t\t<span class=\"elementor-button-content-wrapper\">\n\t\t\t\t\t\t\t\t\t<span class=\"elementor-button-text\">Pruebala Gratis <\/span>\n\t\t\t\t\t<\/span>\n\t\t\t\t\t<\/a>\n\t\t\t\t<\/div>\n\t\t\t\t\t\t\t\t<\/div>\n\t\t\t\t<\/div>\n\t\t\t\t<\/div>\n\t\t<div class=\"elementor-element elementor-element-0d25fc7 e-con-full e-flex e-con e-child\" data-id=\"0d25fc7\" data-element_type=\"container\">\n\t\t\t\t<\/div>\n\t\t\t\t<\/div>\n\t\t\t\t\t<\/div>\n\t\t\t\t<\/div>\n\t\t<div class=\"elementor-element elementor-element-f271997 e-flex e-con-boxed e-con e-parent\" data-id=\"f271997\" data-element_type=\"container\">\n\t\t\t\t\t<div class=\"e-con-inner\">\n\t\t\t\t<div class=\"elementor-element elementor-element-a64759d elementor-widget elementor-widget-image\" data-id=\"a64759d\" data-element_type=\"widget\" data-widget_type=\"image.default\">\n\t\t\t\t<div class=\"elementor-widget-container\">\n\t\t\t\t\t\t\t\t\t\t\t\t\t\t\t<img fetchpriority=\"high\" decoding=\"async\" width=\"800\" height=\"475\" src=\"https:\/\/blog.wacheckin.com\/wp-content\/uploads\/2025\/05\/checkin-automatico-1024x608.png\" class=\"attachment-large size-large wp-image-1949\" alt=\"\" srcset=\"https:\/\/blog.wacheckin.com\/wp-content\/uploads\/2025\/05\/checkin-automatico-1024x608.png 1024w, https:\/\/blog.wacheckin.com\/wp-content\/uploads\/2025\/05\/checkin-automatico-300x178.png 300w, https:\/\/blog.wacheckin.com\/wp-content\/uploads\/2025\/05\/checkin-automatico-768x456.png 768w, https:\/\/blog.wacheckin.com\/wp-content\/uploads\/2025\/05\/checkin-automatico-1536x912.png 1536w, https:\/\/blog.wacheckin.com\/wp-content\/uploads\/2025\/05\/checkin-automatico.png 1782w\" sizes=\"(max-width: 800px) 100vw, 800px\" \/>\t\t\t\t\t\t\t\t\t\t\t\t\t\t\t<\/div>\n\t\t\t\t<\/div>\n\t\t\t\t\t<\/div>\n\t\t\t\t<\/div>\n\t\t<div class=\"elementor-element elementor-element-8c67ff5 e-flex e-con-boxed e-con e-parent\" data-id=\"8c67ff5\" data-element_type=\"container\">\n\t\t\t\t\t<div class=\"e-con-inner\">\n\t\t<div class=\"elementor-element elementor-element-567427a e-con-full e-flex e-con e-child\" data-id=\"567427a\" data-element_type=\"container\">\n\t\t\t\t<div class=\"elementor-element elementor-element-3e7a744 elementor-widget elementor-widget-heading\" data-id=\"3e7a744\" data-element_type=\"widget\" data-widget_type=\"heading.default\">\n\t\t\t\t<div class=\"elementor-widget-container\">\n\t\t\t\t\t<h2 class=\"elementor-heading-title elementor-size-default\">Comunicaci\u00f3n directa por WhatsApp<\/h2>\t\t\t\t<\/div>\n\t\t\t\t<\/div>\n\t\t\t\t<div class=\"elementor-element elementor-element-378bc94 elementor-widget elementor-widget-text-editor\" data-id=\"378bc94\" data-element_type=\"widget\" data-widget_type=\"text-editor.default\">\n\t\t\t\t<div class=\"elementor-widget-container\">\n\t\t\t\t\t\t\t\t\t<p>Env\u00eda mensajes autom\u00e1ticos o manuales a tus hu\u00e9spedes desde un solo panel. Confirmaciones, recordatorios, instrucciones o recomendaciones: todo por el canal m\u00e1s usado del mundo, sin apps extra y con enlaces personalizados.<\/p>\t\t\t\t\t\t\t\t<\/div>\n\t\t\t\t<\/div>\n\t\t\t\t<\/div>\n\t\t<div class=\"elementor-element elementor-element-88e7af4 e-con-full e-flex e-con e-child\" data-id=\"88e7af4\" data-element_type=\"container\">\n\t\t\t\t<\/div>\n\t\t\t\t\t<\/div>\n\t\t\t\t<\/div>\n\t\t<div class=\"elementor-element elementor-element-0fa5b14 e-flex e-con-boxed e-con e-parent\" data-id=\"0fa5b14\" data-element_type=\"container\">\n\t\t\t\t\t<div class=\"e-con-inner\">\n\t\t<div class=\"elementor-element elementor-element-766cb74 e-con-full e-flex e-con e-child\" data-id=\"766cb74\" data-element_type=\"container\">\n\t\t\t\t<\/div>\n\t\t<div class=\"elementor-element elementor-element-ca4f64a e-con-full e-flex e-con e-child\" data-id=\"ca4f64a\" data-element_type=\"container\">\n\t\t\t\t<div class=\"elementor-element elementor-element-a6f2fd0 elementor-widget elementor-widget-heading\" data-id=\"a6f2fd0\" data-element_type=\"widget\" data-widget_type=\"heading.default\">\n\t\t\t\t<div class=\"elementor-widget-container\">\n\t\t\t\t\t<h2 class=\"elementor-heading-title elementor-size-default\">Chatbot IA para atenci\u00f3n inmediata\n<\/h2>\t\t\t\t<\/div>\n\t\t\t\t<\/div>\n\t\t\t\t<div class=\"elementor-element elementor-element-b22611b elementor-widget elementor-widget-text-editor\" data-id=\"b22611b\" data-element_type=\"widget\" data-widget_type=\"text-editor.default\">\n\t\t\t\t<div class=\"elementor-widget-container\">\n\t\t\t\t\t\t\t\t\t<p>Ofrece respuestas r\u00e1pidas y naturales a las preguntas m\u00e1s comunes: horarios, wifi, check-out, ubicaci\u00f3n, servicios\u2026 El chatbot aprende, se adapta al estilo de tu alojamiento y est\u00e1 disponible 24\/7 para resolver sin fricciones.<\/p>\t\t\t\t\t\t\t\t<\/div>\n\t\t\t\t<\/div>\n\t\t\t\t<\/div>\n\t\t\t\t\t<\/div>\n\t\t\t\t<\/div>\n\t\t<div class=\"elementor-element elementor-element-bf3a9c5 e-flex e-con-boxed e-con e-parent\" data-id=\"bf3a9c5\" data-element_type=\"container\">\n\t\t\t\t\t<div class=\"e-con-inner\">\n\t\t<div class=\"elementor-element elementor-element-4d7d540 e-con-full e-flex e-con e-child\" data-id=\"4d7d540\" data-element_type=\"container\">\n\t\t\t\t<div class=\"elementor-element elementor-element-3785358 elementor-widget elementor-widget-heading\" data-id=\"3785358\" data-element_type=\"widget\" data-widget_type=\"heading.default\">\n\t\t\t\t<div class=\"elementor-widget-container\">\n\t\t\t\t\t<h2 class=\"elementor-heading-title elementor-size-default\">Ventas cruzadas sin fricciones<\/h2>\t\t\t\t<\/div>\n\t\t\t\t<\/div>\n\t\t\t\t<div class=\"elementor-element elementor-element-e339bf3 elementor-widget elementor-widget-text-editor\" data-id=\"e339bf3\" data-element_type=\"widget\" data-widget_type=\"text-editor.default\">\n\t\t\t\t<div class=\"elementor-widget-container\">\n\t\t\t\t\t\t\t\t\t<p>Activa ventas adicionales justo en el momento clave: el check-in. Tus hu\u00e9spedes recibir\u00e1n un mensaje por WhatsApp con un enlace para explorar y solicitar servicios extra como desayunos, traslados, experiencias o late check-out.<\/p>\t\t\t\t\t\t\t\t<\/div>\n\t\t\t\t<\/div>\n\t\t\t\t<\/div>\n\t\t<div class=\"elementor-element elementor-element-09d547b e-con-full e-flex e-con e-child\" data-id=\"09d547b\" data-element_type=\"container\">\n\t\t\t\t<\/div>\n\t\t\t\t\t<\/div>\n\t\t\t\t<\/div>\n\t\t<div class=\"elementor-element elementor-element-ccfe93e e-flex e-con-boxed e-con e-parent\" data-id=\"ccfe93e\" data-element_type=\"container\">\n\t\t\t\t\t<div class=\"e-con-inner\">\n\t\t<div class=\"elementor-element elementor-element-5a24631 e-con-full e-flex e-con e-child\" data-id=\"5a24631\" data-element_type=\"container\">\n\t\t\t\t<\/div>\n\t\t<div class=\"elementor-element elementor-element-ec290a2 e-con-full e-flex e-con e-child\" data-id=\"ec290a2\" data-element_type=\"container\">\n\t\t\t\t<div class=\"elementor-element elementor-element-c939090 elementor-widget elementor-widget-heading\" data-id=\"c939090\" data-element_type=\"widget\" data-widget_type=\"heading.default\">\n\t\t\t\t<div class=\"elementor-widget-container\">\n\t\t\t\t\t<h2 class=\"elementor-heading-title elementor-size-default\"> Reviews autom\u00e1ticos que impulsan tu reputaci\u00f3n<\/h2>\t\t\t\t<\/div>\n\t\t\t\t<\/div>\n\t\t\t\t<div class=\"elementor-element elementor-element-705ba6a elementor-widget elementor-widget-text-editor\" data-id=\"705ba6a\" data-element_type=\"widget\" data-widget_type=\"text-editor.default\">\n\t\t\t\t<div class=\"elementor-widget-container\">\n\t\t\t\t\t\t\t\t\t<p data-start=\"249\" data-end=\"488\">Una vez que el hu\u00e9sped realiza el check-out, nuestro sistema env\u00eda de forma autom\u00e1tica una solicitud de rese\u00f1a personalizada.\u00a0<\/p><p data-start=\"490\" data-end=\"742\">Al mejorar tu reputaci\u00f3n online, m\u00e1s viajeros conf\u00edan en tu alojamiento. Esto se traduce en m\u00e1s reservas directas desde tu web o tus canales sin comisi\u00f3n, reduciendo tu dependencia de las OTAs y mejorando tu rentabilidad.<\/p>\t\t\t\t\t\t\t\t<\/div>\n\t\t\t\t<\/div>\n\t\t\t\t<\/div>\n\t\t\t\t\t<\/div>\n\t\t\t\t<\/div>\n\t\t<div class=\"elementor-element elementor-element-35a5822 e-flex e-con-boxed e-con e-parent\" data-id=\"35a5822\" data-element_type=\"container\">\n\t\t\t\t\t<div class=\"e-con-inner\">\n\t\t<div class=\"elementor-element elementor-element-7de9d5c e-con-full e-flex e-con e-child\" data-id=\"7de9d5c\" data-element_type=\"container\">\n\t\t\t\t<div class=\"elementor-element elementor-element-9eded9a elementor-widget elementor-widget-heading\" data-id=\"9eded9a\" data-element_type=\"widget\" data-widget_type=\"heading.default\">\n\t\t\t\t<div class=\"elementor-widget-container\">\n\t\t\t\t\t<h2 class=\"elementor-heading-title elementor-size-default\">Registro de viajeros automatizado\n<\/h2>\t\t\t\t<\/div>\n\t\t\t\t<\/div>\n\t\t\t\t<div class=\"elementor-element elementor-element-d896dc7 elementor-widget elementor-widget-text-editor\" data-id=\"d896dc7\" data-element_type=\"widget\" data-widget_type=\"text-editor.default\">\n\t\t\t\t<div class=\"elementor-widget-container\">\n\t\t\t\t\t\t\t\t\t<p>Recopila los datos de tus hu\u00e9spedes durante el check-in y env\u00edalos directamente a las autoridades locales, cumpliendo con la normativa sin procesos manuales. Todo queda registrado de forma segura y eficiente.<\/p>\t\t\t\t\t\t\t\t<\/div>\n\t\t\t\t<\/div>\n\t\t\t\t<\/div>\n\t\t<div class=\"elementor-element elementor-element-0502c48 e-con-full e-flex e-con e-child\" data-id=\"0502c48\" data-element_type=\"container\">\n\t\t\t\t<\/div>\n\t\t\t\t\t<\/div>\n\t\t\t\t<\/div>\n\t\t<div class=\"elementor-element elementor-element-2e94c35 e-flex e-con-boxed e-con e-parent\" data-id=\"2e94c35\" data-element_type=\"container\">\n\t\t\t\t\t<div class=\"e-con-inner\">\n\t\t<div class=\"elementor-element elementor-element-b56db38 e-con-full e-flex e-con e-child\" data-id=\"b56db38\" data-element_type=\"container\">\n\t\t\t\t<\/div>\n\t\t<div class=\"elementor-element elementor-element-f311aed e-con-full e-flex e-con e-child\" data-id=\"f311aed\" data-element_type=\"container\">\n\t\t\t\t<div class=\"elementor-element elementor-element-10c272a elementor-widget elementor-widget-heading\" data-id=\"10c272a\" data-element_type=\"widget\" data-widget_type=\"heading.default\">\n\t\t\t\t<div class=\"elementor-widget-container\">\n\t\t\t\t\t<h2 class=\"elementor-heading-title elementor-size-default\">C\u00f3digos de acceso y Smart Locks<\/h2>\t\t\t\t<\/div>\n\t\t\t\t<\/div>\n\t\t\t\t<div class=\"elementor-element elementor-element-bd5458b elementor-widget elementor-widget-text-editor\" data-id=\"bd5458b\" data-element_type=\"widget\" data-widget_type=\"text-editor.default\">\n\t\t\t\t<div class=\"elementor-widget-container\">\n\t\t\t\t\t\t\t\t\t<p data-start=\"249\" data-end=\"488\">Una vez que el hu\u00e9sped realiza el check-out, nuestro sistema env\u00eda de forma autom\u00e1tica una solicitud de rese\u00f1a personalizada.\u00a0<\/p><p data-start=\"490\" data-end=\"742\">Al mejorar tu reputaci\u00f3n online, m\u00e1s viajeros conf\u00edan en tu alojamiento. Esto se traduce en m\u00e1s reservas directas desde tu web o tus canales sin comisi\u00f3n, reduciendo tu dependencia de las OTAs y mejorando tu rentabilidad.<\/p>\t\t\t\t\t\t\t\t<\/div>\n\t\t\t\t<\/div>\n\t\t\t\t<\/div>\n\t\t\t\t\t<\/div>\n\t\t\t\t<\/div>\n\t\t\t\t<\/div>\n\t\t","protected":false},"excerpt":{"rendered":"<p>Automatiza, personaliza y optimiza cada etapa de la estad\u00eda Centraliza todas las herramientas que necesitas para ofrecer una experiencia eficiente, sin perder el toque humano. Desde el primer mensaje hasta el check-out, gestiona tus reservas con inteligencia, rapidez y cercan\u00eda. Pruebala Gratis Comunicaci\u00f3n directa por WhatsApp Env\u00eda mensajes autom\u00e1ticos o manuales a tus hu\u00e9spedes desde [&hellip;]<\/p>\n","protected":false},"author":1,"featured_media":0,"parent":0,"menu_order":0,"comment_status":"closed","ping_status":"closed","template":"","meta":{"footnotes":""},"class_list":["post-2615","page","type-page","status-publish","hentry"],"_links":{"self":[{"href":"https:\/\/blog.wacheckin.com\/index.php\/wp-json\/wp\/v2\/pages\/2615","targetHints":{"allow":["GET"]}}],"collection":[{"href":"https:\/\/blog.wacheckin.com\/index.php\/wp-json\/wp\/v2\/pages"}],"about":[{"href":"https:\/\/blog.wacheckin.com\/index.php\/wp-json\/wp\/v2\/types\/page"}],"author":[{"embeddable":true,"href":"https:\/\/blog.wacheckin.com\/index.php\/wp-json\/wp\/v2\/users\/1"}],"replies":[{"embeddable":true,"href":"https:\/\/blog.wacheckin.com\/index.php\/wp-json\/wp\/v2\/comments?post=2615"}],"version-history":[{"count":52,"href":"https:\/\/blog.wacheckin.com\/index.php\/wp-json\/wp\/v2\/pages\/2615\/revisions"}],"predecessor-version":[{"id":3575,"href":"https:\/\/blog.wacheckin.com\/index.php\/wp-json\/wp\/v2\/pages\/2615\/revisions\/3575"}],"wp:attachment":[{"href":"https:\/\/blog.wacheckin.com\/index.php\/wp-json\/wp\/v2\/media?parent=2615"}],"curies":[{"name":"wp","href":"https:\/\/api.w.org\/{rel}","templated":true}]}}